{"id":2037,"date":"2014-01-01T15:25:17","date_gmt":"2014-01-01T13:25:17","guid":{"rendered":"http:\/\/uralroikka.fi\/sivut\/?page_id=2037"},"modified":"2019-01-13T21:21:50","modified_gmt":"2019-01-13T19:21:50","slug":"tervetuloa","status":"publish","type":"page","link":"https:\/\/uralroikka.fi\/sivut\/","title":{"rendered":"Tervetuloa"},"content":{"rendered":"<p>Ural Roikka toimii yhteyskanavana neuvostoliittolaisten, kiinalaisten ja ven\u00e4l\u00e4isten boxermoottoripy\u00f6r\u00e4harrastajien kesken ja yll\u00e4pit\u00e4\u00e4 j\u00e4seniss\u00e4\u00e4n innostusta erityisesti varaosien saannin ja py\u00f6rien toimivuuden parantamiseksi sek\u00e4 j\u00e4rjest\u00e4\u00e4 vuosittain Roikkaralli kokoontumisajon.<\/p>\n<p><a style=\"background-color: lightgrey; border-radius: 10px; text-align: center; display: block; font-size: 30px; padding: 20px;\" href=\"https:\/\/uralroikka.fi\/pulinat\/index.php\">\u2192 URAL ROIKKA keskustelualue \u2190<\/a><\/p>\n","protected":false},"excerpt":{"rendered":"<p>Ural Roikka toimii yhteyskanavana neuvostoliittolaisten, kiinalaisten ja ven\u00e4l\u00e4isten boxermoottoripy\u00f6r\u00e4harrastajien kesken ja yll\u00e4pit\u00e4\u00e4 j\u00e4seniss\u00e4\u00e4n innostusta erityisesti varaosien saannin ja py\u00f6rien toimivuuden parantamiseksi sek\u00e4 j\u00e4rjest\u00e4\u00e4 vuosittain Roikkaralli kokoontumisajon. \u2192 URAL ROIKKA keskustelualue \u2190<\/p>\n","protected":false},"author":9,"featured_media":0,"parent":0,"menu_order":1,"comment_status":"closed","ping_status":"closed","template":"","meta":{"footnotes":""},"class_list":["post-2037","page","type-page","status-publish","hentry"],"_links":{"self":[{"href":"https:\/\/uralroikka.fi\/sivut\/index.php?rest_route=\/wp\/v2\/pages\/2037","targetHints":{"allow":["GET"]}}],"collection":[{"href":"https:\/\/uralroikka.fi\/sivut\/index.php?rest_route=\/wp\/v2\/pages"}],"about":[{"href":"https:\/\/uralroikka.fi\/sivut\/index.php?rest_route=\/wp\/v2\/types\/page"}],"author":[{"embeddable":true,"href":"https:\/\/uralroikka.fi\/sivut\/index.php?rest_route=\/wp\/v2\/users\/9"}],"replies":[{"embeddable":true,"href":"https:\/\/uralroikka.fi\/sivut\/index.php?rest_route=%2Fwp%2Fv2%2Fcomments&post=2037"}],"version-history":[{"count":68,"href":"https:\/\/uralroikka.fi\/sivut\/index.php?rest_route=\/wp\/v2\/pages\/2037\/revisions"}],"predecessor-version":[{"id":3014,"href":"https:\/\/uralroikka.fi\/sivut\/index.php?rest_route=\/wp\/v2\/pages\/2037\/revisions\/3014"}],"wp:attachment":[{"href":"https:\/\/uralroikka.fi\/sivut\/index.php?rest_route=%2Fwp%2Fv2%2Fmedia&parent=2037"}],"curies":[{"name":"wp","href":"https:\/\/api.w.org\/{rel}","templated":true}]}}