{"id":2108,"date":"2014-01-01T21:34:07","date_gmt":"2014-01-01T19:34:07","guid":{"rendered":"http:\/\/uralroikka.fi\/sivut\/?page_id=2108"},"modified":"2023-01-01T22:00:43","modified_gmt":"2023-01-01T20:00:43","slug":"jasenedut","status":"publish","type":"page","link":"https:\/\/uralroikka.fi\/sivut\/?page_id=2108","title":{"rendered":"J\u00e4senedut"},"content":{"rendered":"<p>T\u00e4ss\u00e4 syit\u00e4 miksi kannatta maksaa Ural Roikka Ry:n j\u00e4senmaksu. Liittyess\u00e4si Ural Roikan j\u00e4seneksi<\/p>\n<ul>\n<li>Saat Ural Roikka lehden kotiisi kaksi kertaa vuodessa<\/li>\n<li>P\u00e4\u00e4set lukemaan vanhoja Ural Roikka lehti\u00e4 <a href=\"https:\/\/uralroikka.fi\/pulinat\/viewforum.php?f=35\">j\u00e4senten lehtihyllyst\u00e4<\/a><\/li>\n<li>P\u00e4\u00e4set Roikan foorumilla j\u00e4senten suljetulle alueelle<\/li>\n<li>Saat k\u00e4ytt\u00f6\u00f6si <a href=\"?page_id=227\">Ural Roikan kirjaston<\/a><\/li>\n<li>Saat alennusta Roikkaralleista<\/li>\n<li>Saat samalla Suomen Motoristit Ry j\u00e4senyyden &#8211; alennuksia varaosaliikkeist\u00e4, majoituksista ja matkoista (Katso tarkemmin <a href=\"http:\/\/www.smoto.fi\">Smoton sivuilta<\/a>)<\/li>\n<li>Saat vertaistukea, sympatiaa ja ymm\u00e4rryst\u00e4<\/li>\n<\/ul>\n<p><a href=\"?page_id=230\">Liity j\u00e4seneksi<\/a>. Meit\u00e4 on jo useita satoja.<\/p>\n<p><img loading=\"lazy\" decoding=\"async\" src=\"https:\/\/uralroikka.fi\/sivut\/wp-content\/uploads\/2014\/01\/esimerkkeja_laajoista_jaseneduista-1024x644.png\" alt=\"J\u00e4senetuja\" width=\"560\" height=\"353\" \/><\/p>\n","protected":false},"excerpt":{"rendered":"<p>T\u00e4ss\u00e4 syit\u00e4 miksi kannatta maksaa Ural Roikka Ry:n j\u00e4senmaksu. Liittyess\u00e4si Ural Roikan j\u00e4seneksi Saat Ural Roikka lehden kotiisi kaksi kertaa vuodessa P\u00e4\u00e4set lukemaan vanhoja Ural Roikka lehti\u00e4 j\u00e4senten lehtihyllyst\u00e4 P\u00e4\u00e4set Roikan foorumilla j\u00e4senten suljetulle alueelle Saat k\u00e4ytt\u00f6\u00f6si Ural Roikan kirjaston Saat alennusta Roikkaralleista Saat samalla Suomen Motoristit Ry j\u00e4senyyden &#8211; alennuksia varaosaliikkeist\u00e4, majoituksista ja matkoista [&hellip;]<\/p>\n","protected":false},"author":9,"featured_media":0,"parent":0,"menu_order":3,"comment_status":"closed","ping_status":"open","template":"","meta":{"footnotes":""},"class_list":["post-2108","page","type-page","status-publish","hentry"],"_links":{"self":[{"href":"https:\/\/uralroikka.fi\/sivut\/index.php?rest_route=\/wp\/v2\/pages\/2108","targetHints":{"allow":["GET"]}}],"collection":[{"href":"https:\/\/uralroikka.fi\/sivut\/index.php?rest_route=\/wp\/v2\/pages"}],"about":[{"href":"https:\/\/uralroikka.fi\/sivut\/index.php?rest_route=\/wp\/v2\/types\/page"}],"author":[{"embeddable":true,"href":"https:\/\/uralroikka.fi\/sivut\/index.php?rest_route=\/wp\/v2\/users\/9"}],"replies":[{"embeddable":true,"href":"https:\/\/uralroikka.fi\/sivut\/index.php?rest_route=%2Fwp%2Fv2%2Fcomments&post=2108"}],"version-history":[{"count":26,"href":"https:\/\/uralroikka.fi\/sivut\/index.php?rest_route=\/wp\/v2\/pages\/2108\/revisions"}],"predecessor-version":[{"id":3136,"href":"https:\/\/uralroikka.fi\/sivut\/index.php?rest_route=\/wp\/v2\/pages\/2108\/revisions\/3136"}],"wp:attachment":[{"href":"https:\/\/uralroikka.fi\/sivut\/index.php?rest_route=%2Fwp%2Fv2%2Fmedia&parent=2108"}],"curies":[{"name":"wp","href":"https:\/\/api.w.org\/{rel}","templated":true}]}}