{"id":2192,"date":"2014-01-12T20:34:14","date_gmt":"2014-01-12T18:34:14","guid":{"rendered":"http:\/\/uralroikka.fi\/sivut\/?page_id=2192"},"modified":"2019-01-13T20:41:43","modified_gmt":"2019-01-13T18:41:43","slug":"ural-roikka-lehti","status":"publish","type":"page","link":"https:\/\/uralroikka.fi\/sivut\/?page_id=2192","title":{"rendered":"Ural Roikka lehti"},"content":{"rendered":"<p>Ural Roikka lehti on kerhon j\u00e4senlehti. Lehti on j\u00e4seniens\u00e4 n\u00e4k\u00f6inen koska lehden sis\u00e4lt\u00f6 on 100% j\u00e4senien kirjoittama.<\/p>\n<p>Lehteen tulevien juttujen pituus saisi olla 3-5 sivua. Pitki\u00e4 juttuja tehd\u00e4\u00e4n tarvittaessa jatkokertomuksiksi, etteiv\u00e4t paino- ja postituskulut kasva aivan \u00e4lytt\u00f6miksi. Kaikki jutut jotka on tehty &#8221;hyv\u00e4n maun mukaisesti&#8221; tullaan julkaisemaan jossain Roikka-lehdess\u00e4. Oli juttusi ajoreissusta, rakennus-\/entis\u00f6intiprojektista, modifiointi tai muu kertomus, niin laita se tulemaan Roikan toimitukseen.<\/p>\n<p>Ural Roikka-lehti ilmestyy 2 kertaa vuodessa. Ilmestymisviikot ovat vuonna 2019 noin 19 ja 49. Materiaalia voit toimittaa s\u00e4hk\u00f6isesti osoitteella <strong>lehti(\u00e4t)uralroikka.fi<\/strong>. Paperiversioistakin selvit\u00e4\u00e4n, mutta mainokset ja jutut mieluiten s\u00e4hk\u00f6postin kautta.<\/p>\n<h2>Ilmoitushinnat 2019<\/h2>\n<ul>\n<li>Kokosivu 55\u20ac<\/li>\n<li>Puokikas 35\u20ac<\/li>\n<li>Nelj\u00e4nnes 25\u20ac<\/li>\n<li>Takasivu 80\u20ac<\/li>\n<\/ul>\n<p>Myynti- ja ostoilmoitukset ovat j\u00e4senille maksuttomia tavaratorilla.<\/p>\n<p><img loading=\"lazy\" decoding=\"async\" class=\"aligncenter size-full wp-image-2195\" src=\"http:\/\/uralroikka.fi\/sivut\/wp-content\/uploads\/2014\/01\/mainos_roikkalehti.png\" alt=\"Ural roikka lehti\" width=\"540\" height=\"234\" srcset=\"https:\/\/uralroikka.fi\/sivut\/wp-content\/uploads\/2014\/01\/mainos_roikkalehti.png 540w, https:\/\/uralroikka.fi\/sivut\/wp-content\/uploads\/2014\/01\/mainos_roikkalehti-300x130.png 300w\" sizes=\"auto, (max-width: 540px) 100vw, 540px\" \/><\/p>\n","protected":false},"excerpt":{"rendered":"<p>Ural Roikka lehti on kerhon j\u00e4senlehti. Lehti on j\u00e4seniens\u00e4 n\u00e4k\u00f6inen koska lehden sis\u00e4lt\u00f6 on 100% j\u00e4senien kirjoittama. Lehteen tulevien juttujen pituus saisi olla 3-5 sivua. Pitki\u00e4 juttuja tehd\u00e4\u00e4n tarvittaessa jatkokertomuksiksi, etteiv\u00e4t paino- ja postituskulut kasva aivan \u00e4lytt\u00f6miksi. Kaikki jutut jotka on tehty &#8221;hyv\u00e4n maun mukaisesti&#8221; tullaan julkaisemaan jossain Roikka-lehdess\u00e4. Oli juttusi ajoreissusta, rakennus-\/entis\u00f6intiprojektista, modifiointi tai [&hellip;]<\/p>\n","protected":false},"author":9,"featured_media":0,"parent":2108,"menu_order":0,"comment_status":"closed","ping_status":"open","template":"","meta":{"footnotes":""},"class_list":["post-2192","page","type-page","status-publish","hentry"],"_links":{"self":[{"href":"https:\/\/uralroikka.fi\/sivut\/index.php?rest_route=\/wp\/v2\/pages\/2192","targetHints":{"allow":["GET"]}}],"collection":[{"href":"https:\/\/uralroikka.fi\/sivut\/index.php?rest_route=\/wp\/v2\/pages"}],"about":[{"href":"https:\/\/uralroikka.fi\/sivut\/index.php?rest_route=\/wp\/v2\/types\/page"}],"author":[{"embeddable":true,"href":"https:\/\/uralroikka.fi\/sivut\/index.php?rest_route=\/wp\/v2\/users\/9"}],"replies":[{"embeddable":true,"href":"https:\/\/uralroikka.fi\/sivut\/index.php?rest_route=%2Fwp%2Fv2%2Fcomments&post=2192"}],"version-history":[{"count":18,"href":"https:\/\/uralroikka.fi\/sivut\/index.php?rest_route=\/wp\/v2\/pages\/2192\/revisions"}],"predecessor-version":[{"id":3003,"href":"https:\/\/uralroikka.fi\/sivut\/index.php?rest_route=\/wp\/v2\/pages\/2192\/revisions\/3003"}],"up":[{"embeddable":true,"href":"https:\/\/uralroikka.fi\/sivut\/index.php?rest_route=\/wp\/v2\/pages\/2108"}],"wp:attachment":[{"href":"https:\/\/uralroikka.fi\/sivut\/index.php?rest_route=%2Fwp%2Fv2%2Fmedia&parent=2192"}],"curies":[{"name":"wp","href":"https:\/\/api.w.org\/{rel}","templated":true}]}}