{"id":2213,"date":"2014-01-13T11:13:17","date_gmt":"2014-01-13T09:13:17","guid":{"rendered":"http:\/\/uralroikka.fi\/sivut\/?page_id=2213"},"modified":"2024-07-23T20:54:09","modified_gmt":"2024-07-23T18:54:09","slug":"lista-roikkaralleista","status":"publish","type":"page","link":"https:\/\/uralroikka.fi\/sivut\/?page_id=2213","title":{"rendered":"Roikkarallit"},"content":{"rendered":"<p>Ural Roikka Ry:n j\u00e4senkerhot j\u00e4rjestev\u00e4t vuosittain Roikkarallin joka on vuoden odotetuin kokontumisajo Ural Roikan j\u00e4senille sek\u00e4 vierailijoille. Roikkarallit on j\u00e4rjestetty vuodesta 1991 l\u00e4htien.<\/p>\n<h2>Roikkarallit kautta historian<\/h2>\n<ul>\n<li>1. Tampere 1991<\/li>\n<li><s>Vuosi 1992<\/s> j\u00e4i v\u00e4liin<\/li>\n<li>2. Vesilahti 1993<\/li>\n<li>3. Oulainen1994<\/li>\n<li>4. Kotka 1995<\/li>\n<li>5. Saarij\u00e4rvi 1996<\/li>\n<li>6. Pertunmaa 1997<\/li>\n<li>7. Keuruu 1998<\/li>\n<li>8. Pyh\u00e4salmi 1999<\/li>\n<li>9. Kuortane 2000<\/li>\n<li>10. J\u00e4ms\u00e4nkoski 2001<\/li>\n<li>11. Luum\u00e4ki 2002<\/li>\n<li>12. Juuka 2003<\/li>\n<li>13. Kurikka 2004<\/li>\n<li>14. Vehmaa 2005<\/li>\n<li>15. Kurikka 2006<\/li>\n<li>16. Imatra 2007<\/li>\n<li>17. Muurame 2008<\/li>\n<li>18. Keuruu 2009<\/li>\n<li>19. Pyh\u00e4joki 2010<\/li>\n<li>20. Taipalsaari 2011<\/li>\n<li>21. Kurikka 2012<\/li>\n<li>22. Espoo Siikaranta 19.-21.07.2013<\/li>\n<li><a href=\"?page_id=2049\">23. Saarij\u00e4rvi Summasaari 18.-20.7.2014<\/a><\/li>\n<li><a href=\"?page_id=2419\">24. Kiuruvesi Sininen Helmi 10.-12.7.2014<\/a><\/li>\n<li><a href=\"https:\/\/uralroikka.fi\/pulinat\/viewtopic.php?f=10&amp;t=10069\">25. Orivesi S\u00e4yn\u00e4niemen leirint\u00e4alue 15.-17.7.2016<\/a><\/li>\n<li><a href=\"https:\/\/uralroikka.fi\/pulinat\/viewtopic.php?f=10&amp;t=10926\">26. Imatra Vuotoksen kalastuspuisto \/ varpasaari 14.-16.7.2017<\/a><\/li>\n<li><a href=\"https:\/\/uralroikka.fi\/pulinat\/viewtopic.php?f=10&amp;t=11508\">27. Ristij\u00e4rvi 20.-22.7.2018<\/a><\/li>\n<li><a href=\"https:\/\/uralroikka.fi\/pulinat\/viewtopic.php?f=10&amp;t=12121\">28. Riihim\u00e4ki, Lempivaara 19 &#8211; 21.7.2019<\/a><\/li>\n<li><a href=\"https:\/\/uralroikka.fi\/pulinat\/viewtopic.php?f=10&amp;p=109236#p109236\">29. <del>Kaustinen, Hotelli Kaustinen 24 &#8211; 26.7.2020<\/del><\/a> Peruttu koronavirustilanteen takia<\/li>\n<li><a href=\"https:\/\/uralroikka.fi\/pulinat\/viewtopic.php?f=10&amp;t=12954\">30. RoikkaRalli 16.-18.7.2021, Kauhajoki<\/a><\/li>\n<li><a href=\"https:\/\/uralroikka.fi\/pulinat\/viewtopic.php?t=13312\">31. RoikkaRalli 8.-10.7.2022 Lomakeskus Huhmari, Polvij\u00e4rvi<\/a><\/li>\n<li>32. RoikkaRalli 21.-23.7.2023 Mosala camping, Kaustinen<\/li>\n<li>33. Roikkaralli 19.-21.7.2024 Mosala camping, Kaustinen (keski-suomi j\u00e4rjest\u00e4\u00e4)<\/li>\n<li>34. Roikkaralli 11.-13.07.2025 Lempivaara Holiday, Riihim\u00e4ki<\/li>\n<\/ul>\n","protected":false},"excerpt":{"rendered":"<p>Ural Roikka Ry:n j\u00e4senkerhot j\u00e4rjestev\u00e4t vuosittain Roikkarallin joka on vuoden odotetuin kokontumisajo Ural Roikan j\u00e4senille sek\u00e4 vierailijoille. Roikkarallit on j\u00e4rjestetty vuodesta 1991 l\u00e4htien. Roikkarallit kautta historian 1. Tampere 1991 Vuosi 1992 j\u00e4i v\u00e4liin 2. Vesilahti 1993 3. Oulainen1994 4. Kotka 1995 5. Saarij\u00e4rvi 1996 6. Pertunmaa 1997 7. Keuruu 1998 8. Pyh\u00e4salmi 1999 9. Kuortane [&hellip;]<\/p>\n","protected":false},"author":9,"featured_media":0,"parent":4,"menu_order":5,"comment_status":"closed","ping_status":"open","template":"","meta":{"footnotes":""},"class_list":["post-2213","page","type-page","status-publish","hentry"],"_links":{"self":[{"href":"https:\/\/uralroikka.fi\/sivut\/index.php?rest_route=\/wp\/v2\/pages\/2213","targetHints":{"allow":["GET"]}}],"collection":[{"href":"https:\/\/uralroikka.fi\/sivut\/index.php?rest_route=\/wp\/v2\/pages"}],"about":[{"href":"https:\/\/uralroikka.fi\/sivut\/index.php?rest_route=\/wp\/v2\/types\/page"}],"author":[{"embeddable":true,"href":"https:\/\/uralroikka.fi\/sivut\/index.php?rest_route=\/wp\/v2\/users\/9"}],"replies":[{"embeddable":true,"href":"https:\/\/uralroikka.fi\/sivut\/index.php?rest_route=%2Fwp%2Fv2%2Fcomments&post=2213"}],"version-history":[{"count":27,"href":"https:\/\/uralroikka.fi\/sivut\/index.php?rest_route=\/wp\/v2\/pages\/2213\/revisions"}],"predecessor-version":[{"id":3463,"href":"https:\/\/uralroikka.fi\/sivut\/index.php?rest_route=\/wp\/v2\/pages\/2213\/revisions\/3463"}],"up":[{"embeddable":true,"href":"https:\/\/uralroikka.fi\/sivut\/index.php?rest_route=\/wp\/v2\/pages\/4"}],"wp:attachment":[{"href":"https:\/\/uralroikka.fi\/sivut\/index.php?rest_route=%2Fwp%2Fv2%2Fmedia&parent=2213"}],"curies":[{"name":"wp","href":"https:\/\/api.w.org\/{rel}","templated":true}]}}