{"id":2244,"date":"2014-01-13T16:09:46","date_gmt":"2014-01-13T14:09:46","guid":{"rendered":"http:\/\/uralroikka.fi\/sivut\/?page_id=2244"},"modified":"2017-01-26T22:39:26","modified_gmt":"2017-01-26T20:39:26","slug":"help-luettelo","status":"publish","type":"page","link":"https:\/\/uralroikka.fi\/sivut\/?page_id=2244","title":{"rendered":"Help-luettelo"},"content":{"rendered":"<p>J\u00e4ttik\u00f6 It\u00e4py\u00f6r\u00e4 tielle? Ei h\u00e4t\u00e4\u00e4, et ole yksin. Apua, varaosia ja tukea on saatavilla. Help-luetteloon on ker\u00e4tty Ural Roikka Ry:n j\u00e4senist\u00e4 vapaaehtoisia ovat valmiita auttamaan toveria h\u00e4d\u00e4n hetkell\u00e4. Uusin Help luettelo on ladattavissa osoitteesta<\/p>\n<p><a href=\"https:\/\/uralroikka.fi\/pulinat\/viewforum.php?f=31\">https:\/\/uralroikka.fi\/pulinat\/viewforum.php?f=31<\/a><\/p>\n<p>HELP-luettelon lataaminen edellytt\u00e4\u00e4 Ural Roikka Ry:n j\u00e4senyytt\u00e4.<\/p>\n","protected":false},"excerpt":{"rendered":"<p>J\u00e4ttik\u00f6 It\u00e4py\u00f6r\u00e4 tielle? Ei h\u00e4t\u00e4\u00e4, et ole yksin. Apua, varaosia ja tukea on saatavilla. Help-luetteloon on ker\u00e4tty Ural Roikka Ry:n j\u00e4senist\u00e4 vapaaehtoisia ovat valmiita auttamaan toveria h\u00e4d\u00e4n hetkell\u00e4. Uusin Help luettelo on ladattavissa osoitteesta https:\/\/uralroikka.fi\/pulinat\/viewforum.php?f=31 HELP-luettelon lataaminen edellytt\u00e4\u00e4 Ural Roikka Ry:n j\u00e4senyytt\u00e4.<\/p>\n","protected":false},"author":9,"featured_media":0,"parent":2108,"menu_order":1,"comment_status":"closed","ping_status":"open","template":"","meta":{"footnotes":""},"class_list":["post-2244","page","type-page","status-publish","hentry"],"_links":{"self":[{"href":"https:\/\/uralroikka.fi\/sivut\/index.php?rest_route=\/wp\/v2\/pages\/2244","targetHints":{"allow":["GET"]}}],"collection":[{"href":"https:\/\/uralroikka.fi\/sivut\/index.php?rest_route=\/wp\/v2\/pages"}],"about":[{"href":"https:\/\/uralroikka.fi\/sivut\/index.php?rest_route=\/wp\/v2\/types\/page"}],"author":[{"embeddable":true,"href":"https:\/\/uralroikka.fi\/sivut\/index.php?rest_route=\/wp\/v2\/users\/9"}],"replies":[{"embeddable":true,"href":"https:\/\/uralroikka.fi\/sivut\/index.php?rest_route=%2Fwp%2Fv2%2Fcomments&post=2244"}],"version-history":[{"count":5,"href":"https:\/\/uralroikka.fi\/sivut\/index.php?rest_route=\/wp\/v2\/pages\/2244\/revisions"}],"predecessor-version":[{"id":2894,"href":"https:\/\/uralroikka.fi\/sivut\/index.php?rest_route=\/wp\/v2\/pages\/2244\/revisions\/2894"}],"up":[{"embeddable":true,"href":"https:\/\/uralroikka.fi\/sivut\/index.php?rest_route=\/wp\/v2\/pages\/2108"}],"wp:attachment":[{"href":"https:\/\/uralroikka.fi\/sivut\/index.php?rest_route=%2Fwp%2Fv2%2Fmedia&parent=2244"}],"curies":[{"name":"wp","href":"https:\/\/api.w.org\/{rel}","templated":true}]}}