{"id":227,"date":"2009-05-11T21:28:51","date_gmt":"2009-05-11T18:28:51","guid":{"rendered":"http:\/\/uralroikka.fi\/sivut\/?page_id=227"},"modified":"2017-02-21T17:05:24","modified_gmt":"2017-02-21T15:05:24","slug":"ural-roikan-kirjasto","status":"publish","type":"page","link":"https:\/\/uralroikka.fi\/sivut\/?page_id=227","title":{"rendered":"Ural Roikan kirjasto"},"content":{"rendered":"<h2><span style=\"font-family: Times New Roman; color: #000000;\">Ural Roikan j\u00e4senet voivat lainata postikuluja vastaan.<\/span><\/h2>\n<p>Tilaukset ja tiedustelut:\u00a0 puheenjohtaja(\u00e4t)uralroikka.fi<\/p>\n<table>\n<tr>\n<th>Kirja<\/th>\n<th>Tyyppi<\/th>\n<th>Kieli<\/th>\n<th>Huomioitavaa<\/th>\n<\/tr>\n<tr>\n<td>Dnepr K-750<\/td>\n<td>K\u00e4sikirja<\/td>\n<td>rus<\/td>\n<td><\/td>\n<\/tr>\n<tr>\n<td>Dnepr K-750<\/td>\n<td>Varaosakirja<\/td>\n<td>rus<\/td>\n<td><\/td>\n<\/tr>\n<tr>\n<td>Dnepr K-750 M<\/td>\n<td>K\u00e4sikirja<\/td>\n<td>rus<\/td>\n<td><\/td>\n<\/tr>\n<tr>\n<td>Dnepr K-750 B<\/td>\n<td>K\u00e4sikirja<\/td>\n<td>rus<\/td>\n<td>Military<\/td>\n<\/tr>\n<tr>\n<td>Dnepr K-650<\/td>\n<td>K\u00e4sikirja<\/td>\n<td>rus<\/td>\n<td><\/td>\n<\/tr>\n<tr>\n<td>Dnepr 650 MT-9, MT-10<\/td>\n<td>Varaosakirja<\/td>\n<td>rus, uk, fra, ger, ita<\/td>\n<td><\/td>\n<\/tr>\n<tr>\n<td>Dnepr 650 MT-9, MT-10<\/td>\n<td>Huoltokirja<\/td>\n<td>uk<\/td>\n<td><\/td>\n<\/tr>\n<tr>\n<td>Dnepr 650 MT-10<\/td>\n<td>K\u00e4sikirja<\/td>\n<td>rus<\/td>\n<td><\/td>\n<\/tr>\n<tr>\n<td>Dnepr 650 MT-10\/36<\/td>\n<td>Varaosakirja<\/td>\n<td>rus, uk, fra, ger, ita<\/td>\n<td><\/td>\n<\/tr>\n<tr>\n<td>Dnepr 650 MT-11<\/td>\n<td>K\u00e4sikirja<\/td>\n<td>rus<\/td>\n<td>Huonokuntoinen<\/td>\n<\/tr>\n<tr>\n<td>DneprMB 650 M<\/td>\n<td>K\u00e4sikirja<\/td>\n<td>rus<\/td>\n<td>Military,sivuvaunuveto<\/td>\n<\/tr>\n<tr>\n<td>DneprMB 750<\/td>\n<td>K\u00e4sikirja<\/td>\n<td>rus<\/td>\n<td>Military,sivuvaunuveto<\/td>\n<\/tr>\n<tr>\n<td>IC 350 M-56<\/td>\n<td>K\u00e4ytt\u00f6- ja huolto-ohjeet<\/td>\n<td>fin<\/td>\n<td>Sivuja puuttuu<\/td>\n<\/tr>\n<tr>\n<td>IC Planeta Sport 350<\/td>\n<td>K\u00e4ytt\u00f6- ja huolto-ohjeet<\/td>\n<td>fin<\/td>\n<td><\/td>\n<\/tr>\n<tr>\n<td>IC-350 Jupiter 2,2K<\/td>\n<td>Varaosakirja<\/td>\n<td>fra<\/td>\n<td><\/td>\n<\/tr>\n<tr>\n<td>Minsk 125<\/td>\n<td>Varaosakirja<\/td>\n<td>rus, uk, fra, ita<\/td>\n<td>1976<\/td>\n<\/tr>\n<tr>\n<td>XXX<\/td>\n<td>MM-kirja<\/td>\n<td>rus<\/td>\n<td>sis\u00e4lt\u00e4\u00e4 M-103, K-175, IC 350 Jupiter, IC 350 Planeta, Ural 750 M-72,Ural 650 M-62, K-750 tekniset tiedot kuvin<\/td>\n<\/tr>\n<tr>\n<td>Moottoripy\u00f6r\u00e4ilij\u00e4n oppikirja<\/td>\n<td>Oppikirja<\/td>\n<td>est<\/td>\n<td>1957<\/td>\n<\/tr>\n<tr>\n<td>Moottoripy\u00f6r\u00e4n rakenne<\/td>\n<td>Oppikirja<\/td>\n<td>rus<\/td>\n<td>50-luvulta<\/td>\n<\/tr>\n<tr>\n<td>Moottoripy\u00f6r\u00e4 ja skootterit<\/td>\n<td>Oppikirja<\/td>\n<td>est<\/td>\n<td>A.Palu 1965<\/td>\n<\/tr>\n<tr>\n<td>Ural 750 M-72M, Ural 500 M-52, Ural(Irbit) 650 M-61<\/td>\n<td>K\u00e4sikirja<\/td>\n<td>uk<\/td>\n<td><\/td>\n<\/tr>\n<tr>\n<td>Ural 750 M-72<\/td>\n<td>K\u00e4sikirja<\/td>\n<td>rus<\/td>\n<td><\/td>\n<\/tr>\n<tr>\n<td>Ural 750 M-72<\/td>\n<td>Varaosakirja<\/td>\n<td>rus<\/td>\n<td><\/td>\n<\/tr>\n<tr>\n<td>Ural 650<\/td>\n<td>Korjaamok\u00e4sikirja<\/td>\n<td>rus<\/td>\n<td>1986<\/td>\n<\/tr>\n<tr>\n<td>Ural 650 M-63<\/td>\n<td>K\u00e4ytt\u00f6- ja huolto-ohjeet<\/td>\n<td>fin<\/td>\n<td><\/td>\n<\/tr>\n<tr>\n<td>Ural 650 M-63<\/td>\n<td>K\u00e4sikirja<\/td>\n<td>uk<\/td>\n<td><\/td>\n<\/tr>\n<tr>\n<td>Ural 650 M-63<\/td>\n<td>Varaosakirja<\/td>\n<td>rus<\/td>\n<td><\/td>\n<\/tr>\n<tr>\n<td>Ural 650 IMZ 8.103-10<\/td>\n<td>Huoltokirja<\/td>\n<td>uk<\/td>\n<td><\/td>\n<\/tr>\n<tr>\n<td>Ural 650 IMZ 8.103-10\/40<\/td>\n<td>Varaosakirja<\/td>\n<td>uk<\/td>\n<td><\/td>\n<\/tr>\n<tr>\n<td>Ural 650 IMZ 8.103-10\/40<\/td>\n<td>Varaosakirja<\/td>\n<td>rus<\/td>\n<td><\/td>\n<\/tr>\n<tr>\n<td>Ural 650 IMZ 8.103-10\/40<\/td>\n<td>K\u00e4sikirja<\/td>\n<td>rus<\/td>\n<td><\/td>\n<\/tr>\n<tr>\n<td>Ural 650 IMZ 8.103-10\/40 \/ soolo<\/td>\n<td>Varaosahinnasto<\/td>\n<td>rus<\/td>\n<td><\/td>\n<\/tr>\n<tr>\n<td>Ural 650 IMZ 8.103-10\/40 \/ soolo<\/td>\n<td>Korjaamok\u00e4sikirja<\/td>\n<td>uk<\/td>\n<td><\/td>\n<\/tr>\n<tr>\n<td>Ural \/ Dnepr 650 &#8211; 750<\/td>\n<td>Korjaamok\u00e4sikirja<\/td>\n<td>rus<\/td>\n<td>1987<\/td>\n<\/tr>\n<tr>\n<td>Ural<\/td>\n<td>Tuotantomallit 1941 &#8211; 1986<\/td>\n<td>rus \/ fin<\/td>\n<td><\/td>\n<\/tr>\n<tr>\n<td>Yangtze 750<\/td>\n<td>Varaosakirja<\/td>\n<td>ger<\/td>\n<td><\/td>\n<\/tr>\n<tr>\n<td>ChangJiang CJ 750 B<\/td>\n<td>K\u00e4sikirja<\/td>\n<td>uk<\/td>\n<td><\/td>\n<\/tr>\n<tr>\n<td>ChangJiang CJ 750 B<\/td>\n<td>Varaosakirja<\/td>\n<td>uk, china<\/td>\n<\/tr>\n<\/table>\n","protected":false},"excerpt":{"rendered":"<p>Ural Roikan j\u00e4senet voivat lainata postikuluja vastaan. Tilaukset ja tiedustelut:\u00a0 puheenjohtaja(\u00e4t)uralroikka.fi Kirja Tyyppi Kieli Huomioitavaa Dnepr K-750 K\u00e4sikirja rus Dnepr K-750 Varaosakirja rus Dnepr K-750 M K\u00e4sikirja rus Dnepr K-750 B K\u00e4sikirja rus Military Dnepr K-650 K\u00e4sikirja rus Dnepr 650 MT-9, MT-10 Varaosakirja rus, uk, fra, ger, ita Dnepr 650 MT-9, MT-10 Huoltokirja uk Dnepr [&hellip;]<\/p>\n","protected":false},"author":9,"featured_media":0,"parent":2108,"menu_order":8,"comment_status":"closed","ping_status":"closed","template":"","meta":{"footnotes":""},"class_list":["post-227","page","type-page","status-publish","hentry"],"_links":{"self":[{"href":"https:\/\/uralroikka.fi\/sivut\/index.php?rest_route=\/wp\/v2\/pages\/227","targetHints":{"allow":["GET"]}}],"collection":[{"href":"https:\/\/uralroikka.fi\/sivut\/index.php?rest_route=\/wp\/v2\/pages"}],"about":[{"href":"https:\/\/uralroikka.fi\/sivut\/index.php?rest_route=\/wp\/v2\/types\/page"}],"author":[{"embeddable":true,"href":"https:\/\/uralroikka.fi\/sivut\/index.php?rest_route=\/wp\/v2\/users\/9"}],"replies":[{"embeddable":true,"href":"https:\/\/uralroikka.fi\/sivut\/index.php?rest_route=%2Fwp%2Fv2%2Fcomments&post=227"}],"version-history":[{"count":8,"href":"https:\/\/uralroikka.fi\/sivut\/index.php?rest_route=\/wp\/v2\/pages\/227\/revisions"}],"predecessor-version":[{"id":2915,"href":"https:\/\/uralroikka.fi\/sivut\/index.php?rest_route=\/wp\/v2\/pages\/227\/revisions\/2915"}],"up":[{"embeddable":true,"href":"https:\/\/uralroikka.fi\/sivut\/index.php?rest_route=\/wp\/v2\/pages\/2108"}],"wp:attachment":[{"href":"https:\/\/uralroikka.fi\/sivut\/index.php?rest_route=%2Fwp%2Fv2%2Fmedia&parent=227"}],"curies":[{"name":"wp","href":"https:\/\/api.w.org\/{rel}","templated":true}]}}