{"id":230,"date":"2009-05-11T21:34:16","date_gmt":"2009-05-11T18:34:16","guid":{"rendered":"http:\/\/uralroikka.fi\/sivut\/?page_id=230"},"modified":"2025-01-16T17:08:00","modified_gmt":"2025-01-16T15:08:00","slug":"jaseneksi-liittyminen","status":"publish","type":"page","link":"https:\/\/uralroikka.fi\/sivut\/?page_id=230","title":{"rendered":"J\u00e4seneksi liittyminen"},"content":{"rendered":"<h2>J\u00e4senyyden vaatimukset<\/h2>\n<p>Ural Roikka on avoin yhdistyksen toiminnasta kiinnostuneille. Yhdistyksen <a href=\"https:\/\/uralroikka.fi\/sivut\/?page_id=4\">s\u00e4\u00e4nt\u00f6jen<\/a> noudattamista edellytet\u00e4\u00e4n.<\/p>\n<h2>J\u00e4senmaksun hinta<\/h2>\n<p>J\u00e4senmaksun hinta on 30\u20ac\/vuosi<\/p>\n<p>Posti tuo vanhoille j\u00e4senille viitteellisen laskun jolla j\u00e4senmaksu maksetaan.<\/p>\n<p>Uusille j\u00e4senille liittymismaksu on 10\u20ac. T\u00e4m\u00e4n lis\u00e4ksi tulee j\u00e4senmaksu 30\u20ac. Eli yhteens\u00e4 40\u20ac.<\/p>\n<h2>J\u00e4seneksi liittyminen &#8211; s\u00e4hk\u00f6inen tapa<\/h2>\n<p>Voit liitty\u00e4 Ural Roikka Ry j\u00e4seneksi nettilomakkeen kautta jolloin turha viive ja paperipostittelu j\u00e4\u00e4 pois. S\u00e4hk\u00f6isen liittymisen osoite on<\/p>\n<p><a href=\"https:\/\/uralroikka.fi\/liittyminen\">https:\/\/uralroikka.fi\/liittyminen<\/a><\/p>\n","protected":false},"excerpt":{"rendered":"<p>J\u00e4senyyden vaatimukset Ural Roikka on avoin yhdistyksen toiminnasta kiinnostuneille. Yhdistyksen s\u00e4\u00e4nt\u00f6jen noudattamista edellytet\u00e4\u00e4n. J\u00e4senmaksun hinta J\u00e4senmaksun hinta on 30\u20ac\/vuosi Posti tuo vanhoille j\u00e4senille viitteellisen laskun jolla j\u00e4senmaksu maksetaan. Uusille j\u00e4senille liittymismaksu on 10\u20ac. T\u00e4m\u00e4n lis\u00e4ksi tulee j\u00e4senmaksu 30\u20ac. Eli yhteens\u00e4 40\u20ac. J\u00e4seneksi liittyminen &#8211; s\u00e4hk\u00f6inen tapa Voit liitty\u00e4 Ural Roikka Ry j\u00e4seneksi nettilomakkeen kautta jolloin [&hellip;]<\/p>\n","protected":false},"author":9,"featured_media":0,"parent":0,"menu_order":4,"comment_status":"closed","ping_status":"closed","template":"","meta":{"footnotes":""},"class_list":["post-230","page","type-page","status-publish","hentry"],"_links":{"self":[{"href":"https:\/\/uralroikka.fi\/sivut\/index.php?rest_route=\/wp\/v2\/pages\/230","targetHints":{"allow":["GET"]}}],"collection":[{"href":"https:\/\/uralroikka.fi\/sivut\/index.php?rest_route=\/wp\/v2\/pages"}],"about":[{"href":"https:\/\/uralroikka.fi\/sivut\/index.php?rest_route=\/wp\/v2\/types\/page"}],"author":[{"embeddable":true,"href":"https:\/\/uralroikka.fi\/sivut\/index.php?rest_route=\/wp\/v2\/users\/9"}],"replies":[{"embeddable":true,"href":"https:\/\/uralroikka.fi\/sivut\/index.php?rest_route=%2Fwp%2Fv2%2Fcomments&post=230"}],"version-history":[{"count":37,"href":"https:\/\/uralroikka.fi\/sivut\/index.php?rest_route=\/wp\/v2\/pages\/230\/revisions"}],"predecessor-version":[{"id":3480,"href":"https:\/\/uralroikka.fi\/sivut\/index.php?rest_route=\/wp\/v2\/pages\/230\/revisions\/3480"}],"wp:attachment":[{"href":"https:\/\/uralroikka.fi\/sivut\/index.php?rest_route=%2Fwp%2Fv2%2Fmedia&parent=230"}],"curies":[{"name":"wp","href":"https:\/\/api.w.org\/{rel}","templated":true}]}}