{"id":2576,"date":"2016-05-08T20:58:46","date_gmt":"2016-05-08T18:58:46","guid":{"rendered":"http:\/\/uralroikka.fi\/sivut\/?page_id=2576"},"modified":"2016-05-09T00:02:12","modified_gmt":"2016-05-08T22:02:12","slug":"vanhat-valokuvat","status":"publish","type":"page","link":"https:\/\/uralroikka.fi\/sivut\/?page_id=2576","title":{"rendered":"Vanhat valokuvat"},"content":{"rendered":"<p>T\u00e4nne on koottu valokuvia Ural Roikan historiasta<\/p>\n<div id=\"attachment_2751\" style=\"width: 306px\" class=\"wp-caption alignright\"><a href=\"http:\/\/uralroikka.fi\/sivut\/wp-content\/uploads\/2016\/05\/anim.gif\"><img loading=\"lazy\" decoding=\"async\" aria-describedby=\"caption-attachment-2751\" src=\"http:\/\/uralroikka.fi\/sivut\/wp-content\/uploads\/2016\/05\/anim.gif\" alt=\"Animoitu Ural logo vanhalta uralroikka sivustolta\" width=\"296\" height=\"296\" class=\"size-full wp-image-2751\" \/><\/a><p id=\"caption-attachment-2751\" class=\"wp-caption-text\">Animoitu Ural logo vanhalta uralroikka sivustolta<\/p><\/div>\n<h2>Vanhan Uralroikka sivuston kuvat<\/h2>\n<p>N\u00e4m\u00e4 kuvat ovat per\u00e4isin alkuer\u00e4iselta Uralroikka sivustolta http:\/\/www.netikka.net\/beatles\/<\/p>\n<ul>\n<li><a href=\"http:\/\/uralroikka.fi\/sivut\/?page_id=2717\">Alkuper\u00e4iset<\/a><\/li>\n<li><a href=\"http:\/\/uralroikka.fi\/sivut\/?page_id=2719\">Rakennetut<\/a><\/li>\n<li><a href=\"http:\/\/uralroikka.fi\/sivut\/?page_id=2725\">Projektit<\/a><\/li>\n<li><a href=\"http:\/\/uralroikka.fi\/sivut\/?page_id=2728\">Chang Jiang<\/a><\/li>\n<li><a href=\"http:\/\/uralroikka.fi\/sivut\/?page_id=2733\">Risteily 2003<\/a><\/li>\n<li><a href=\"http:\/\/uralroikka.fi\/sivut\/?page_id=2736\">Hailuoto 2004<\/a><\/li>\n<li><a href=\"http:\/\/uralroikka.fi\/sivut\/?page_id=2739\">Juuka 2003<\/a><\/li>\n<li><a href=\"http:\/\/uralroikka.fi\/sivut\/?page_id=2742\">Kurikka 2004<\/a><\/li>\n<li><a href=\"http:\/\/uralroikka.fi\/sivut\/?page_id=2745\">Boxer pulling 2004, Pitk\u00e4m\u00f6, Kurikka<\/a><\/li>\n<li><a href=\"http:\/\/uralroikka.fi\/sivut\/?page_id=2748\">MP-n\u00e4yttely turku 2004<\/a><\/ul>\n<\/li>\n<\/ul>\n","protected":false},"excerpt":{"rendered":"<p>T\u00e4nne on koottu valokuvia Ural Roikan historiasta Vanhan Uralroikka sivuston kuvat N\u00e4m\u00e4 kuvat ovat per\u00e4isin alkuer\u00e4iselta Uralroikka sivustolta http:\/\/www.netikka.net\/beatles\/ Alkuper\u00e4iset Rakennetut Projektit Chang Jiang Risteily 2003 Hailuoto 2004 Juuka 2003 Kurikka 2004 Boxer pulling 2004, Pitk\u00e4m\u00f6, Kurikka MP-n\u00e4yttely turku 2004<\/p>\n","protected":false},"author":9,"featured_media":0,"parent":4,"menu_order":10,"comment_status":"closed","ping_status":"closed","template":"","meta":{"footnotes":""},"class_list":["post-2576","page","type-page","status-publish","hentry"],"_links":{"self":[{"href":"https:\/\/uralroikka.fi\/sivut\/index.php?rest_route=\/wp\/v2\/pages\/2576","targetHints":{"allow":["GET"]}}],"collection":[{"href":"https:\/\/uralroikka.fi\/sivut\/index.php?rest_route=\/wp\/v2\/pages"}],"about":[{"href":"https:\/\/uralroikka.fi\/sivut\/index.php?rest_route=\/wp\/v2\/types\/page"}],"author":[{"embeddable":true,"href":"https:\/\/uralroikka.fi\/sivut\/index.php?rest_route=\/wp\/v2\/users\/9"}],"replies":[{"embeddable":true,"href":"https:\/\/uralroikka.fi\/sivut\/index.php?rest_route=%2Fwp%2Fv2%2Fcomments&post=2576"}],"version-history":[{"count":18,"href":"https:\/\/uralroikka.fi\/sivut\/index.php?rest_route=\/wp\/v2\/pages\/2576\/revisions"}],"predecessor-version":[{"id":2754,"href":"https:\/\/uralroikka.fi\/sivut\/index.php?rest_route=\/wp\/v2\/pages\/2576\/revisions\/2754"}],"up":[{"embeddable":true,"href":"https:\/\/uralroikka.fi\/sivut\/index.php?rest_route=\/wp\/v2\/pages\/4"}],"wp:attachment":[{"href":"https:\/\/uralroikka.fi\/sivut\/index.php?rest_route=%2Fwp%2Fv2%2Fmedia&parent=2576"}],"curies":[{"name":"wp","href":"https:\/\/api.w.org\/{rel}","templated":true}]}}