{"id":2728,"date":"2016-05-08T23:35:32","date_gmt":"2016-05-08T21:35:32","guid":{"rendered":"http:\/\/uralroikka.fi\/sivut\/?page_id=2728"},"modified":"2016-05-08T23:37:22","modified_gmt":"2016-05-08T21:37:22","slug":"chang-jiang-galleria","status":"publish","type":"page","link":"https:\/\/uralroikka.fi\/sivut\/?page_id=2728","title":{"rendered":"Chang Jiang (galleria)"},"content":{"rendered":"<p>T\u00e4ss\u00e4 pikkuisen tietoa kuvien Kiinan py\u00f6rist\u00e4.<br \/>\nJK-396 Omaa sukua Chang Hong, joka on jokseenkin sama asia kuin Chang Jiang mutta jostain syyst\u00e4 myyty eri nimell\u00e4 joskus? vm -70, ostettu tehdaskunnostettuna -97 Pekingist\u00e4 ty\u00f6matkalla, kuten oikeastaan n\u00e4m\u00e4 kaikki on. Varustettuna pakillisella laatikolla ja valtavan voimakkaalla 32 hv. kansiventtiilikoneella jossa hienoutena vaihtovirtalaturi ja s\u00e4hk\u00f6startti!! Nyttemmin maustettu Uralin miliisiper\u00e4ll\u00e4 joka k\u00e4vi ns. heitt\u00e4m\u00e4ll\u00e4?<br \/>\nJS-127 oli muistaakseni -73 mallinen Chang Hong jotakuinkin samoilla varusteilla\/ historialla, mit\u00e4 nyt tuulisuojat on vissiinkin alkuper\u00e4iset ja nopeampi per\u00e4 kotoisin Kiinasta<br \/>\nSY-246 on n\u00e4ist\u00e4 tuorein tapaus Suomen kilviss\u00e4, elikk\u00e4 katsastettu samana Perjantai-aamuna jolloin ajettu Jyv\u00e4skyl\u00e4st\u00e4 J\u00e4ms\u00e4\u00e4n&#8230;. Varusteet jokseenkin samat kun muissa. Uralin per\u00e4. Vm-?<br \/>\nMZ-175 on ihan &#8221;aito&#8221; Chang Jiang&#8230; jokseenkin samalainen mutta jostain syyst\u00e4 t\u00e4ss\u00e4 ei ole pakkia ja v\u00e4hemm\u00e4n &#8221;kromia&#8221;. Lyhyell\u00e4 per\u00e4ll\u00e4 ja vuosimalli h\u00e4m\u00e4r\u00e4n peitossa.<br \/>\nJing A 00179 oli ainakin viel\u00e4 Roikan aikaan Kiinan kilviss\u00e4 ja saapunut maahan Singaporen kautta edellisell\u00e4 viikolla. Porukan toistaiseksi ainoa vannoutunut sivuventtiilikoneen kannattaja&#8230;. 24 hv lyhyell\u00e4 per\u00e4ll\u00e4 takaa ett\u00e4 matkanopeuksia tarkkaillaan enempi kalenterilla kuin kellolla&#8230;. vaihtovirtalaturi ja startti silti?!?. Niin ja pakki.<br \/>\nViimeinen mohikaani sivuventtiilikoneella ja Pekingin kilviss\u00e4&#8230; Huomaa Moto Guzzin tankin korkki. Kaveri kuulemma kyll\u00e4styi uittamaan perhekalleuksiaan bensassa joka tankkauksen j\u00e4lkeen&#8230;<br \/>\nMit\u00e4h\u00e4n t\u00e4h\u00e4n nyt viel\u00e4 muuta&#8230;? \u00d6ljynl\u00e4mp\u00f6- ja j\u00e4nnitemittarit ovat osoittautuneet tarpeellisiksi n\u00e4ittenkin kanssa ja viime kes\u00e4n\u00e4 ainakin omani sain m\u00e4nn\u00e4n helmasta leikkaamaan kiinni lyhyen per\u00e4n kanssa. Ensi kes\u00e4ksi olisikin tarkoitus viel\u00e4 laittaa ne kuuluisat nelosen pitk\u00e4t rattaat, iso \u00f6ljypumppu ja syvempi -pohja. Eli aika pitk\u00e4lle samat murheet n\u00e4ittenkin kanssa&#8230;.<br \/>\nJos haluat lis\u00e4\u00e4 tietoa Kiinan py\u00f6rist\u00e4, niin kyseleh\u00e4n t\u00e4\u00e4lt\u00e4 Orvo.Valila@nokia.com<\/p>\n<style id=\"bwg-style-0\">    #bwg_container1_0 #bwg_container2_0 .bwg-container-0.bwg-standard-thumbnails {      width: 904px;              justify-content: center;        margin:0 auto !important;              background-color: rgba(255, 255, 255, 0.00);            padding-left: 4px;      padding-top: 4px;      max-width: 100%;            }        #bwg_container1_0 #bwg_container2_0 .bwg-container-0.bwg-standard-thumbnails .bwg-item {    justify-content: flex-start;      max-width: 180px;            width: 180px !important;          }    #bwg_container1_0 #bwg_container2_0 .bwg-container-0.bwg-standard-thumbnails .bwg-item a {       margin-right: 4px;       margin-bottom: 4px;    }    #bwg_container1_0 #bwg_container2_0 .bwg-container-0.bwg-standard-thumbnails .bwg-item0 {      padding: 0px;            background-color:rgba(255,255,255, 0.30);      border: 0px none #CCCCCC;      opacity: 1.00;      border-radius: 0;      box-shadow: 0px 0px 0px #888888;    }    #bwg_container1_0 #bwg_container2_0 .bwg-container-0.bwg-standard-thumbnails .bwg-item1 img {      max-height: none;      max-width: none;      padding: 0 !important;    }        @media only screen and (min-width: 480px) {      #bwg_container1_0 #bwg_container2_0 .bwg-container-0.bwg-standard-thumbnails .bwg-item0 {        transition: all 0.3s ease 0s;-webkit-transition: all 0.3s ease 0s;      }      #bwg_container1_0 #bwg_container2_0 .bwg-container-0.bwg-standard-thumbnails .bwg-item0:hover {        -ms-transform: scale(1.1);        -webkit-transform: scale(1.1);        transform: scale(1.1);      }    }          #bwg_container1_0 #bwg_container2_0 .bwg-container-0.bwg-standard-thumbnails .bwg-item1 {      padding-top: 50%;    }        #bwg_container1_0 #bwg_container2_0 .bwg-container-0.bwg-standard-thumbnails .bwg-title2,    #bwg_container1_0 #bwg_container2_0 .bwg-container-0.bwg-standard-thumbnails .bwg-ecommerce2 {      color: #CCCCCC;      font-family: segoe ui;      font-size: 16px;      font-weight: bold;      padding: 2px;      text-shadow: 0px 0px 0px #888888;      max-height: 100%;    }    #bwg_container1_0 #bwg_container2_0 .bwg-container-0.bwg-standard-thumbnails .bwg-thumb-description span {    color: #323A45;    font-family: Ubuntu;    font-size: 12px;    max-height: 100%;    word-wrap: break-word;    }    #bwg_container1_0 #bwg_container2_0 .bwg-container-0.bwg-standard-thumbnails .bwg-play-icon2 {      font-size: 32px;    }    #bwg_container1_0 #bwg_container2_0 .bwg-container-0.bwg-standard-thumbnails .bwg-ecommerce2 {      font-size: 19.2px;      color: #CCCCCC;    }    <\/style>    <div id=\"bwg_container1_0\"         class=\"bwg_container bwg_thumbnail bwg_thumbnails \"         data-right-click-protection=\"0\"         data-bwg=\"0\"         data-scroll=\"0\"         data-gallery-type=\"thumbnails\"         data-gallery-view-type=\"thumbnails\"         data-current-url=\"\/sivut\/index.php?rest_route=%2Fwp%2Fv2%2Fpages%2F2728\"         data-lightbox-url=\"https:\/\/uralroikka.fi\/sivut\/wp-admin\/admin-ajax.php?action=GalleryBox&#038;current_view=0&#038;gallery_id=4&#038;tag=0&#038;theme_id=1&#038;shortcode_id=6&#038;sort_by=order&#038;order_by=asc&#038;current_url=%2Fsivut%2Findex.php%3Frest_route%3D%252Fwp%252Fv2%252Fpages%252F2728\"         data-gallery-id=\"4\"         data-popup-width=\"800\"         data-popup-height=\"500\"         data-is-album=\"gallery\"         data-buttons-position=\"bottom\">      <div id=\"bwg_container2_0\">             <div id=\"ajax_loading_0\" class=\"bwg_loading_div_1\">      <div class=\"bwg_loading_div_2\">        <div class=\"bwg_loading_div_3\">          <div id=\"loading_div_0\" class=\"bwg_spider_ajax_loading\">          <\/div>        <\/div>      <\/div>    <\/div>            <form id=\"gal_front_form_0\"              class=\"bwg-hidden\"              method=\"post\"              action=\"#\"              data-current=\"0\"              data-shortcode-id=\"6\"              data-gallery-type=\"thumbnails\"              data-gallery-id=\"4\"              data-tag=\"0\"              data-album-id=\"0\"              data-theme-id=\"1\"              data-ajax-url=\"https:\/\/uralroikka.fi\/sivut\/wp-admin\/admin-ajax.php?action=bwg_frontend_data\">          <div id=\"bwg_container3_0\" class=\"bwg-background bwg-background-0\">                <div data-max-count=\"5\"         data-thumbnail-width=\"180\"         data-bwg=\"0\"         data-gallery-id=\"4\"         data-lightbox-url=\"https:\/\/uralroikka.fi\/sivut\/wp-admin\/admin-ajax.php?action=GalleryBox&amp;current_view=0&amp;gallery_id=4&amp;tag=0&amp;theme_id=1&amp;shortcode_id=6&amp;sort_by=order&amp;order_by=asc&amp;current_url=%2Fsivut%2Findex.php%3Frest_route%3D%252Fwp%252Fv2%252Fpages%252F2728\"         id=\"bwg_thumbnails_0\"         class=\"bwg-container-0 bwg-thumbnails bwg-standard-thumbnails bwg-container bwg-border-box\">            <div class=\"bwg-item\">        <a class=\"bwg-a  bwg_lightbox\"  data-image-id=\"558\" href=\"https:\/\/uralroikka.fi\/sivut\/wp-content\/uploads\/photo-gallery\/kiina-7.jpg\" data-elementor-open-lightbox=\"no\">                <div class=\"bwg-item0 \">          <div class=\"bwg-item1 \">            <div class=\"bwg-item2\">              <img decoding=\"async\" class=\"skip-lazy bwg_standart_thumb_img_0 \"                   data-id=\"558\"                   data-width=\"\"                   data-height=\"\"                   data-src=\"https:\/\/uralroikka.fi\/sivut\/wp-content\/uploads\/photo-gallery\/thumb\/kiina-7.jpg\"                   src=\"https:\/\/uralroikka.fi\/sivut\/wp-content\/uploads\/photo-gallery\/thumb\/kiina-7.jpg\"                   alt=\"kiina-7\"                   title=\"kiina-7\" \/>            <\/div>            <div class=\"\">                                                      <\/div>          <\/div>        <\/div>                        <\/a>              <\/div>            <div class=\"bwg-item\">        <a class=\"bwg-a  bwg_lightbox\"  data-image-id=\"557\" href=\"https:\/\/uralroikka.fi\/sivut\/wp-content\/uploads\/photo-gallery\/kiina-8.jpg\" data-elementor-open-lightbox=\"no\">                <div class=\"bwg-item0 \">          <div class=\"bwg-item1 \">            <div class=\"bwg-item2\">              <img decoding=\"async\" class=\"skip-lazy bwg_standart_thumb_img_0 \"                   data-id=\"557\"                   data-width=\"\"                   data-height=\"\"                   data-src=\"https:\/\/uralroikka.fi\/sivut\/wp-content\/uploads\/photo-gallery\/thumb\/kiina-8.jpg\"                   src=\"https:\/\/uralroikka.fi\/sivut\/wp-content\/uploads\/photo-gallery\/thumb\/kiina-8.jpg\"                   alt=\"kiina-8\"                   title=\"kiina-8\" \/>            <\/div>            <div class=\"\">                                                      <\/div>          <\/div>        <\/div>                        <\/a>              <\/div>            <div class=\"bwg-item\">        <a class=\"bwg-a  bwg_lightbox\"  data-image-id=\"556\" href=\"https:\/\/uralroikka.fi\/sivut\/wp-content\/uploads\/photo-gallery\/kiina-9.jpg\" data-elementor-open-lightbox=\"no\">                <div class=\"bwg-item0 \">          <div class=\"bwg-item1 \">            <div class=\"bwg-item2\">              <img decoding=\"async\" class=\"skip-lazy bwg_standart_thumb_img_0 \"                   data-id=\"556\"                   data-width=\"\"                   data-height=\"\"                   data-src=\"https:\/\/uralroikka.fi\/sivut\/wp-content\/uploads\/photo-gallery\/thumb\/kiina-9.jpg\"                   src=\"https:\/\/uralroikka.fi\/sivut\/wp-content\/uploads\/photo-gallery\/thumb\/kiina-9.jpg\"                   alt=\"kiina-9\"                   title=\"kiina-9\" \/>            <\/div>            <div class=\"\">                                                      <\/div>          <\/div>        <\/div>                        <\/a>              <\/div>            <div class=\"bwg-item\">        <a class=\"bwg-a  bwg_lightbox\"  data-image-id=\"555\" href=\"https:\/\/uralroikka.fi\/sivut\/wp-content\/uploads\/photo-gallery\/kiina-6.jpg\" data-elementor-open-lightbox=\"no\">                <div class=\"bwg-item0 \">          <div class=\"bwg-item1 \">            <div class=\"bwg-item2\">              <img decoding=\"async\" class=\"skip-lazy bwg_standart_thumb_img_0 \"                   data-id=\"555\"                   data-width=\"\"                   data-height=\"\"                   data-src=\"https:\/\/uralroikka.fi\/sivut\/wp-content\/uploads\/photo-gallery\/thumb\/kiina-6.jpg\"                   src=\"https:\/\/uralroikka.fi\/sivut\/wp-content\/uploads\/photo-gallery\/thumb\/kiina-6.jpg\"                   alt=\"kiina-6\"                   title=\"kiina-6\" \/>            <\/div>            <div class=\"\">                                                      <\/div>          <\/div>        <\/div>                        <\/a>              <\/div>            <div class=\"bwg-item\">        <a class=\"bwg-a  bwg_lightbox\"  data-image-id=\"554\" href=\"https:\/\/uralroikka.fi\/sivut\/wp-content\/uploads\/photo-gallery\/kiina-5.jpg\" data-elementor-open-lightbox=\"no\">                <div class=\"bwg-item0 \">          <div class=\"bwg-item1 \">            <div class=\"bwg-item2\">              <img decoding=\"async\" class=\"skip-lazy bwg_standart_thumb_img_0 \"                   data-id=\"554\"                   data-width=\"\"                   data-height=\"\"                   data-src=\"https:\/\/uralroikka.fi\/sivut\/wp-content\/uploads\/photo-gallery\/thumb\/kiina-5.jpg\"                   src=\"https:\/\/uralroikka.fi\/sivut\/wp-content\/uploads\/photo-gallery\/thumb\/kiina-5.jpg\"                   alt=\"kiina-5\"                   title=\"kiina-5\" \/>            <\/div>            <div class=\"\">                                                      <\/div>          <\/div>        <\/div>                        <\/a>              <\/div>            <div class=\"bwg-item\">        <a class=\"bwg-a  bwg_lightbox\"  data-image-id=\"553\" href=\"https:\/\/uralroikka.fi\/sivut\/wp-content\/uploads\/photo-gallery\/kiina-4.jpg\" data-elementor-open-lightbox=\"no\">                <div class=\"bwg-item0 \">          <div class=\"bwg-item1 \">            <div class=\"bwg-item2\">              <img decoding=\"async\" class=\"skip-lazy bwg_standart_thumb_img_0 \"                   data-id=\"553\"                   data-width=\"\"                   data-height=\"\"                   data-src=\"https:\/\/uralroikka.fi\/sivut\/wp-content\/uploads\/photo-gallery\/thumb\/kiina-4.jpg\"                   src=\"https:\/\/uralroikka.fi\/sivut\/wp-content\/uploads\/photo-gallery\/thumb\/kiina-4.jpg\"                   alt=\"kiina-4\"                   title=\"kiina-4\" \/>            <\/div>            <div class=\"\">                                                      <\/div>          <\/div>        <\/div>                        <\/a>              <\/div>            <div class=\"bwg-item\">        <a class=\"bwg-a  bwg_lightbox\"  data-image-id=\"552\" href=\"https:\/\/uralroikka.fi\/sivut\/wp-content\/uploads\/photo-gallery\/kiina-3.jpg\" data-elementor-open-lightbox=\"no\">                <div class=\"bwg-item0 \">          <div class=\"bwg-item1 \">            <div class=\"bwg-item2\">              <img decoding=\"async\" class=\"skip-lazy bwg_standart_thumb_img_0 \"                   data-id=\"552\"                   data-width=\"\"                   data-height=\"\"                   data-src=\"https:\/\/uralroikka.fi\/sivut\/wp-content\/uploads\/photo-gallery\/thumb\/kiina-3.jpg\"                   src=\"https:\/\/uralroikka.fi\/sivut\/wp-content\/uploads\/photo-gallery\/thumb\/kiina-3.jpg\"                   alt=\"kiina-3\"                   title=\"kiina-3\" \/>            <\/div>            <div class=\"\">                                                      <\/div>          <\/div>        <\/div>                        <\/a>              <\/div>            <div class=\"bwg-item\">        <a class=\"bwg-a  bwg_lightbox\"  data-image-id=\"551\" href=\"https:\/\/uralroikka.fi\/sivut\/wp-content\/uploads\/photo-gallery\/kiina-2.jpg\" data-elementor-open-lightbox=\"no\">                <div class=\"bwg-item0 \">          <div class=\"bwg-item1 \">            <div class=\"bwg-item2\">              <img decoding=\"async\" class=\"skip-lazy bwg_standart_thumb_img_0 \"                   data-id=\"551\"                   data-width=\"\"                   data-height=\"\"                   data-src=\"https:\/\/uralroikka.fi\/sivut\/wp-content\/uploads\/photo-gallery\/thumb\/kiina-2.jpg\"                   src=\"https:\/\/uralroikka.fi\/sivut\/wp-content\/uploads\/photo-gallery\/thumb\/kiina-2.jpg\"                   alt=\"kiina-2\"                   title=\"kiina-2\" \/>            <\/div>            <div class=\"\">                                                      <\/div>          <\/div>        <\/div>                        <\/a>              <\/div>            <div class=\"bwg-item\">        <a class=\"bwg-a  bwg_lightbox\"  data-image-id=\"550\" href=\"https:\/\/uralroikka.fi\/sivut\/wp-content\/uploads\/photo-gallery\/kiina-1.jpg\" data-elementor-open-lightbox=\"no\">                <div class=\"bwg-item0 \">          <div class=\"bwg-item1 \">            <div class=\"bwg-item2\">              <img decoding=\"async\" class=\"skip-lazy bwg_standart_thumb_img_0 \"                   data-id=\"550\"                   data-width=\"\"                   data-height=\"\"                   data-src=\"https:\/\/uralroikka.fi\/sivut\/wp-content\/uploads\/photo-gallery\/thumb\/kiina-1.jpg\"                   src=\"https:\/\/uralroikka.fi\/sivut\/wp-content\/uploads\/photo-gallery\/thumb\/kiina-1.jpg\"                   alt=\"kiina-1\"                   title=\"kiina-1\" \/>            <\/div>            <div class=\"\">                                                      <\/div>          <\/div>        <\/div>                        <\/a>              <\/div>          <\/div>    <style>      \/*pagination styles*\/      #bwg_container1_0 #bwg_container2_0 .tablenav-pages_0 {\t\t\t\ttext-align: center;\t\t\t\tfont-size: 12px;\t\t\t\tfont-family: segoe ui;\t\t\t\tfont-weight: bold;\t\t\t\tcolor: #666666;\t\t\t\tmargin: 6px 0 4px;\t\t\t\tdisplay: block;      }      @media only screen and (max-width : 320px) {      #bwg_container1_0 #bwg_container2_0 .displaying-num_0 {     \t display: none;      }      }      #bwg_container1_0 #bwg_container2_0 .displaying-num_0 {\t\t\t\tfont-size: 12px;\t\t\t\tfont-family: segoe ui;\t\t\t\tfont-weight: bold;\t\t\t\tcolor: #666666;\t\t\t\tmargin-right: 10px;\t\t\t\tvertical-align: middle;      }      #bwg_container1_0 #bwg_container2_0 .paging-input_0 {\t\t\t\tfont-size: 12px;\t\t\t\tfont-family: segoe ui;\t\t\t\tfont-weight: bold;\t\t\t\tcolor: #666666;\t\t\t\tvertical-align: middle;      }      #bwg_container1_0 #bwg_container2_0 .tablenav-pages_0 a.disabled,      #bwg_container1_0 #bwg_container2_0 .tablenav-pages_0 a.disabled:hover,      #bwg_container1_0 #bwg_container2_0 .tablenav-pages_0 a.disabled:focus,\t\t\t#bwg_container1_0 #bwg_container2_0 .tablenav-pages_0 input.bwg_current_page {\t\t\t\tcursor: default;\t\t\t\tcolor: rgba(102, 102, 102, 0.5);      }      #bwg_container1_0 #bwg_container2_0 .tablenav-pages_0 a,      #bwg_container1_0 #bwg_container2_0 .tablenav-pages_0 input.bwg_current_page {\t\t\t\tcursor: pointer;\t\t\t\ttext-align: center;\t\t\t\tfont-size: 12px;\t\t\t\tfont-family: segoe ui;\t\t\t\tfont-weight: bold;\t\t\t\tcolor: #666666;\t\t\t\ttext-decoration: none;\t\t\t\tpadding: 3px 6px;\t\t\t\tmargin: 0;\t\t\t\tborder-radius: 0;\t\t\t\tborder-style: solid;\t\t\t\tborder-width: 1px;\t\t\t\tborder-color: #E3E3E3;\t\t\t\t\t\t\t\tbackground-color: rgba(255, 255, 255, 1.00);\t\t\t\tbox-shadow: 0;\t\t\t\ttransition: all 0.3s ease 0s;-webkit-transition: all 0.3s ease 0s;      }      <\/style>      <span class=\"bwg_nav_cont_0\">              <div class=\"tablenav-pages_0\">                  <\/div>                <input type=\"hidden\" id=\"page_number_0\" name=\"page_number_0\" value=\"1\" \/>      <script type=\"text\/javascript\">        if( jQuery('.bwg_nav_cont_0').length > 1 ) {          jQuery('.bwg_nav_cont_0').first().remove()        }        function spider_page_0(cur, x, y, load_more) {          if (typeof load_more == \"undefined\") {            var load_more = false;          }          if (jQuery(cur).hasClass('disabled')) {            return false;          }          var items_county_0 = 1;          switch (y) {            case 1:              if (x >= items_county_0) {                document.getElementById('page_number_0').value = items_county_0;              }              else {                document.getElementById('page_number_0').value = x + 1;              }              break;            case 2:              document.getElementById('page_number_0').value = items_county_0;              break;            case -1:              if (x == 1) {                document.getElementById('page_number_0').value = 1;              }              else {                document.getElementById('page_number_0').value = x - 1;              }              break;            case -2:              document.getElementById('page_number_0').value = 1;              break;\t\t\t\t\t\tcase 0:              document.getElementById('page_number_0').value = x;              break;            default:              document.getElementById('page_number_0').value = 1;          }          bwg_ajax('gal_front_form_0', '0', 'bwg_thumbnails_0', '0', '', 'gallery', 0, '', '', load_more, '', 1);        }                    jQuery('.first-page-0').on('click', function () {              spider_page_0(this, 1, -2, 'numeric');              return false;            });            jQuery('.prev-page-0').on('click', function () {              spider_page_0(this, 1, -1, 'numeric');              return false;            });            jQuery('.next-page-0').on('click', function () {              spider_page_0(this, 1, 1, 'numeric');              return false;            });            jQuery('.last-page-0').on('click', function () {              spider_page_0(this, 1, 2, 'numeric');              return false;            });        \t\t\t\t\/* Change page on input enter. *\/        function bwg_change_page_0( e, that ) {          if (  e.key == 'Enter' ) {            var to_page = parseInt(jQuery(that).val());            var pages_count = jQuery(that).parents(\".pagination-links\").data(\"pages-count\");            var current_url_param = jQuery(that).attr('data-url-info');            if (to_page > pages_count) {              to_page = 1;            }\t \t\t\t\t\t\t\t\t\t\t\t\tspider_page_0(this, to_page, 0, 'numeric');\t\t\t\t\t\t\treturn false;\t\t\t\t\t\t          }          return true;        }        jQuery('.bwg_load_btn_0').on('click', function () {            spider_page_0(this, 1, 1, true);            return false;        });      <\/script>      <\/span>                <\/div>        <\/form>        <style>          #bwg_container1_0 #bwg_container2_0 #spider_popup_overlay_0 {          background-color: #000000;          opacity: 0.70;          }          <\/style>        <div id=\"bwg_spider_popup_loading_0\" class=\"bwg_spider_popup_loading\"><\/div>        <div id=\"spider_popup_overlay_0\" class=\"spider_popup_overlay\" onclick=\"spider_destroypopup(1000)\"><\/div>        <input type=\"hidden\" id=\"bwg_random_seed_0\" value=\"1686139808\">                <\/div>    <\/div>    <script>      if (document.readyState === 'complete') {        if( typeof bwg_main_ready == 'function' ) {          if ( jQuery(\"#bwg_container1_0\").height() ) {            bwg_main_ready(jQuery(\"#bwg_container1_0\"));          }        }      } else {        document.addEventListener('DOMContentLoaded', function() {          if( typeof bwg_main_ready == 'function' ) {            if ( jQuery(\"#bwg_container1_0\").height() ) {             bwg_main_ready(jQuery(\"#bwg_container1_0\"));            }          }        });      }    <\/script>    \n","protected":false},"excerpt":{"rendered":"<p>T\u00e4ss\u00e4 pikkuisen tietoa kuvien Kiinan py\u00f6rist\u00e4. JK-396 Omaa sukua Chang Hong, joka on jokseenkin sama asia kuin Chang Jiang mutta jostain syyst\u00e4 myyty eri nimell\u00e4 joskus? vm -70, ostettu tehdaskunnostettuna -97 Pekingist\u00e4 ty\u00f6matkalla, kuten oikeastaan n\u00e4m\u00e4 kaikki on. Varustettuna pakillisella laatikolla ja valtavan voimakkaalla 32 hv. kansiventtiilikoneella jossa hienoutena vaihtovirtalaturi ja s\u00e4hk\u00f6startti!! Nyttemmin maustettu Uralin [&hellip;]<\/p>\n","protected":false},"author":9,"featured_media":0,"parent":2576,"menu_order":0,"comment_status":"closed","ping_status":"closed","template":"","meta":{"footnotes":""},"class_list":["post-2728","page","type-page","status-publish","hentry"],"_links":{"self":[{"href":"https:\/\/uralroikka.fi\/sivut\/index.php?rest_route=\/wp\/v2\/pages\/2728","targetHints":{"allow":["GET"]}}],"collection":[{"href":"https:\/\/uralroikka.fi\/sivut\/index.php?rest_route=\/wp\/v2\/pages"}],"about":[{"href":"https:\/\/uralroikka.fi\/sivut\/index.php?rest_route=\/wp\/v2\/types\/page"}],"author":[{"embeddable":true,"href":"https:\/\/uralroikka.fi\/sivut\/index.php?rest_route=\/wp\/v2\/users\/9"}],"replies":[{"embeddable":true,"href":"https:\/\/uralroikka.fi\/sivut\/index.php?rest_route=%2Fwp%2Fv2%2Fcomments&post=2728"}],"version-history":[{"count":3,"href":"https:\/\/uralroikka.fi\/sivut\/index.php?rest_route=\/wp\/v2\/pages\/2728\/revisions"}],"predecessor-version":[{"id":2732,"href":"https:\/\/uralroikka.fi\/sivut\/index.php?rest_route=\/wp\/v2\/pages\/2728\/revisions\/2732"}],"up":[{"embeddable":true,"href":"https:\/\/uralroikka.fi\/sivut\/index.php?rest_route=\/wp\/v2\/pages\/2576"}],"wp:attachment":[{"href":"https:\/\/uralroikka.fi\/sivut\/index.php?rest_route=%2Fwp%2Fv2%2Fmedia&parent=2728"}],"curies":[{"name":"wp","href":"https:\/\/api.w.org\/{rel}","templated":true}]}}