{"id":2837,"date":"2016-07-18T21:22:41","date_gmt":"2016-07-18T19:22:41","guid":{"rendered":"http:\/\/uralroikka.fi\/sivut\/?page_id=2837"},"modified":"2023-07-24T15:47:45","modified_gmt":"2023-07-24T13:47:45","slug":"isa-aurinkoinen-kiertopalkinto","status":"publish","type":"page","link":"https:\/\/uralroikka.fi\/sivut\/?page_id=2837","title":{"rendered":"Is\u00e4 Aurinkoinen kiertopalkinto"},"content":{"rendered":"<div id=\"attachment_2933\" style=\"width: 155px\" class=\"wp-caption alignright\"><a href=\"https:\/\/uralroikka.fi\/sivut\/wp-content\/uploads\/2017\/07\/isa-aurinkoinen-uralilta-kiertopalkinto.jpg\"><img loading=\"lazy\" decoding=\"async\" aria-describedby=\"caption-attachment-2933\" class=\"size-medium wp-image-2933\" src=\"https:\/\/uralroikka.fi\/sivut\/wp-content\/uploads\/2017\/07\/isa-aurinkoinen-uralilta-kiertopalkinto-145x300.jpg\" alt=\"\" width=\"145\" height=\"300\" srcset=\"https:\/\/uralroikka.fi\/sivut\/wp-content\/uploads\/2017\/07\/isa-aurinkoinen-uralilta-kiertopalkinto-145x300.jpg 145w, https:\/\/uralroikka.fi\/sivut\/wp-content\/uploads\/2017\/07\/isa-aurinkoinen-uralilta-kiertopalkinto-scaled-300x622.jpg 300w, https:\/\/uralroikka.fi\/sivut\/wp-content\/uploads\/2017\/07\/isa-aurinkoinen-uralilta-kiertopalkinto-768x1592.jpg 768w, https:\/\/uralroikka.fi\/sivut\/wp-content\/uploads\/2017\/07\/isa-aurinkoinen-uralilta-kiertopalkinto-494x1024.jpg 494w, https:\/\/uralroikka.fi\/sivut\/wp-content\/uploads\/2017\/07\/isa-aurinkoinen-uralilta-kiertopalkinto-scaled.jpg 1235w\" sizes=\"auto, (max-width: 145px) 100vw, 145px\" \/><\/a><p id=\"caption-attachment-2933\" class=\"wp-caption-text\">Is\u00e4 Aurinkoinen Ural&#8217;ilta kiertopokaali<\/p><\/div>\n<p>Is\u00e4 Aurinkoinen Ural&#8217;ilta kertopalkinto<\/p>\n<p>T\u00e4m\u00e4 palkinto annetaan henkil\u00f6lle joka on tehnyt Ural Roikkaa tunnetuksi.<\/p>\n<p>2000 Turunen E.<br \/>\n2001 Kettunen H.<br \/>\n2002 Eskelinen E.<br \/>\n2003 Voksep U.<br \/>\n2004 Haapalainen S.<br \/>\n2005 Asikainen V.<br \/>\n2006 Piispanen P.<br \/>\n2007 Isosalo J.<br \/>\n2008 Kari Nurminen<br \/>\n2009 Kari Hyrkk\u00e4inen<br \/>\n2010 Risto Toivonen<br \/>\n2011 Jukka Karen<br \/>\n2012 Tarmo Nuutinen<br \/>\n2013 Karppi<br \/>\n2014 Mervi&amp;Juha<br \/>\n2015 Anssi Lehti<br \/>\n2016 Kari Karvonen<br \/>\n2017 Heikki Liuhanen ja Pertti Liuhanen<br \/>\n2018 Harri Hyv\u00f6nen<br \/>\n2019 Mikko Oikarinen<br \/>\n2020 <em>koronavirus (pandemia, tapahtumakielto, ralli peruttu)<\/em><br \/>\n2021 Kari Saarinen<br \/>\n2022 Markku Pyk\u00e4l\u00e4inen<br \/>\n2023 Kimmo H\u00e4m\u00e4l\u00e4inen<\/p>\n","protected":false},"excerpt":{"rendered":"<p>Is\u00e4 Aurinkoinen Ural&#8217;ilta kertopalkinto T\u00e4m\u00e4 palkinto annetaan henkil\u00f6lle joka on tehnyt Ural Roikkaa tunnetuksi. 2000 Turunen E. 2001 Kettunen H. 2002 Eskelinen E. 2003 Voksep U. 2004 Haapalainen S. 2005 Asikainen V. 2006 Piispanen P. 2007 Isosalo J. 2008 Kari Nurminen 2009 Kari Hyrkk\u00e4inen 2010 Risto Toivonen 2011 Jukka Karen 2012 Tarmo Nuutinen 2013 Karppi [&hellip;]<\/p>\n","protected":false},"author":9,"featured_media":0,"parent":4,"menu_order":7,"comment_status":"closed","ping_status":"closed","template":"","meta":{"footnotes":""},"class_list":["post-2837","page","type-page","status-publish","hentry"],"_links":{"self":[{"href":"https:\/\/uralroikka.fi\/sivut\/index.php?rest_route=\/wp\/v2\/pages\/2837","targetHints":{"allow":["GET"]}}],"collection":[{"href":"https:\/\/uralroikka.fi\/sivut\/index.php?rest_route=\/wp\/v2\/pages"}],"about":[{"href":"https:\/\/uralroikka.fi\/sivut\/index.php?rest_route=\/wp\/v2\/types\/page"}],"author":[{"embeddable":true,"href":"https:\/\/uralroikka.fi\/sivut\/index.php?rest_route=\/wp\/v2\/users\/9"}],"replies":[{"embeddable":true,"href":"https:\/\/uralroikka.fi\/sivut\/index.php?rest_route=%2Fwp%2Fv2%2Fcomments&post=2837"}],"version-history":[{"count":12,"href":"https:\/\/uralroikka.fi\/sivut\/index.php?rest_route=\/wp\/v2\/pages\/2837\/revisions"}],"predecessor-version":[{"id":3433,"href":"https:\/\/uralroikka.fi\/sivut\/index.php?rest_route=\/wp\/v2\/pages\/2837\/revisions\/3433"}],"up":[{"embeddable":true,"href":"https:\/\/uralroikka.fi\/sivut\/index.php?rest_route=\/wp\/v2\/pages\/4"}],"wp:attachment":[{"href":"https:\/\/uralroikka.fi\/sivut\/index.php?rest_route=%2Fwp%2Fv2%2Fmedia&parent=2837"}],"curies":[{"name":"wp","href":"https:\/\/api.w.org\/{rel}","templated":true}]}}