{"id":389,"date":"2011-11-01T11:14:52","date_gmt":"2011-11-01T08:14:52","guid":{"rendered":"http:\/\/uralroikka.fi\/sivut\/?page_id=389"},"modified":"2023-02-07T17:54:06","modified_gmt":"2023-02-07T15:54:06","slug":"palveluhakemisto","status":"publish","type":"page","link":"https:\/\/uralroikka.fi\/sivut\/?page_id=389","title":{"rendered":"Palveluhakemisto"},"content":{"rendered":"<h2>Palvelua, osia, kokonaisia py\u00f6ri\u00e4<\/h2>\n<p>Lista p\u00e4ivitetty 18.8.2018. Listaa korjataan pyydett\u00e4ess\u00e4. L\u00e4het\u00e4 korjauehdotuksesi osoitteeseen nettiasiat(\u00e4t)uralroikka.fi<\/p>\n<p>Varaosia voit etsi\u00e4 my\u00f6s <a href=\"https:\/\/uralroikka.fi\/pulinat\/viewforum.php?f=20\">Ural Roikka keskustelualueen Punaiselta torilta<\/a><\/p>\n<h3>Ural Finland \/ Suomen Sivuvaunu Oy<\/h3>\n<p>Suomen Sivuvaunu Oy<br \/>\nKaustintie 5<br \/>\n69600 KAUSTINEN<br \/>\nsasu@ural.fi<br \/>\n+358407025636<br \/>\n<a href=\"http:\/\/www.ural.fi\" target=\"_blank\" rel=\"noopener\">http:\/\/www.ural.fi<\/a><\/p>\n<p>Uralin virallinen maahantuoja suomessa. Uusia Ural moottoripy\u00f6ri\u00e4.<\/p>\n<h3>Temmes Acordian Oy<\/h3>\n<p>Mikko Oikrainen<br \/>\nMuhos<br \/>\npuh 0400 289 185<br \/>\nmikko.ural(\u00e4t)dnainternet.net<\/p>\n<p>Uusia ja k\u00e4ytettyj\u00e4 osia. K\u00e4ytettyj\u00e4 py\u00f6ri\u00e4.<\/p>\n<h3>URALVOX<\/h3>\n<p>URALVOX<br \/>\nVammansantie 1<br \/>\n38210 Sastamala<br \/>\nAvoinna ma \u2013 pe 10-16.30<br \/>\npuh. 040-7486839 ( ma-la klo. 10-18 )<br \/>\nemail: mika(\u00e4t)mikamarttila.net<br \/>\n<a href=\"http:\/\/www.mikamarttila.net\/\" target=\"_blank\" rel=\"noopener\">http:\/\/www.mikamarttila.net\/<\/a><\/p>\n<p>L\u00f6yd\u00e4t meilt\u00e4 varaosat Dnepriin, Uraliin, M72-py\u00f6r\u00e4\u00e4n ja K-750-py\u00f6r\u00e4\u00e4n. Varastossa on yli 400 erilaista tuotetta boxereihin.<\/p>\n<h3>Special Edition J.P. \/ mprengas.fi<\/h3>\n<p>Special Edition J.P. \/ mprengas.fi<br \/>\nTeollisuustie 6<br \/>\n94450 Keminmaa<br \/>\n0400-689585<br \/>\njukka@mprengas.fi<br \/>\n<a href=\"https:\/\/www.mprengas.fi\" target=\"_blank\" rel=\"noopener\">https:\/\/www.mprengas.fi<\/a><br \/>\n1445756-2<\/p>\n<h3>O\u00fc MagnusHenriksson<\/h3>\n<p>Magnus Henriksson<br \/>\nPk27<br \/>\n75101 Kose, Estonia<br \/>\nmagnus(\u00e4t)henriksson.ee<br \/>\n+37256509369<br \/>\n+46736927846<br \/>\n<a href=\"http:\/\/www.henriksson.ee\" target=\"_blank\" rel=\"noopener\">http:\/\/www.henriksson.ee<\/a><\/p>\n<p>Dnepr, K750, M72, ChangJiang ja Ural osat<\/p>\n<h3>Ural Bikes<\/h3>\n<p>Uralin osat ja py\u00f6rat Viron maahantuojalta.<\/p>\n<p>Ural Bikes O\u00dc<br \/>\nP\u00e4rnu mnt 21<br \/>\n10141 Tallinn, Estonia<\/p>\n<p>Tiit Ruisu<br \/>\n+372 526 6759<br \/>\ntiit(\u00e4t)ural.ee<br \/>\n<a href=\"http:\/\/ural.ee\">http:\/\/ural.ee\/<\/a><\/p>\n<h3>Easthighway Ou<\/h3>\n<p>Easthighway Ou<br \/>\nTALLINNA<br \/>\n+3725089038<br \/>\ninfo(\u00e4t)easthighway.com<br \/>\n<a href=\"http:\/\/www.easthighway.com\/\" target=\"_blank\" rel=\"noopener\">http:\/\/www.easthighway.com<\/a><\/p>\n<p>Suuri valikoima uusia ja k\u00e4ytettyj\u00e4 varaosia seuraaviin moottoripy\u00f6riin: Dnepr, Ural, K-750, M-72, Iz, Jawa yms.<\/p>\n<h3>Ural-Zentrale<\/h3>\n<p>Ural \u2013 Zentrale<br \/>\nSchmagerower Weg 1<br \/>\n17321 Ramin OT Bismark<br \/>\n<a href=\"http:\/\/www.ural-zentrale.de\">http:\/\/www.ural-zentrale.de<\/a><\/p>\n<p>Ural, Dnepr, Z\u00fcndapp, Enfield, MZ, Simson and Junak spare parts<\/p>\n<h3>Laspek Oy<\/h3>\n<p>Laspek Oy<br \/>\n044-5678369<br \/>\ninfo(\u00e4t)laspek.com<br \/>\n<a href=\"http:\/\/www.laspek.com\/\" target=\"_blank\" rel=\"noopener\">http:\/\/www.laspek.com\/<\/a><\/p>\n<p>Moottoripy\u00f6rien entis\u00f6intiin tarvittavia osia, happoja ja tarvikkeita.<br \/>\nUralRoikan j\u00e4senille 10% alennus.<\/p>\n<h3>Esa Ilves<\/h3>\n<p>Markku ja Esa Ilves<br \/>\nKonginkangas<br \/>\nMarkku +358 40 861 5047<br \/>\nEsa +358 50 518 1451<\/p>\n<p>Uusia osia it\u00e4py\u00f6riin ja vanhempiin it\u00e4autoihin.<\/p>\n<h3>Jari Luoma<\/h3>\n<p>Jari Luoma<br \/>\nSein\u00e4joki<br \/>\n+358 40 820 0590<br \/>\njari.a.luoma@gmail.com<\/p>\n<p>K\u00e4ytettyj\u00e4 it\u00e4py\u00f6ri\u00e4 ja niiden varaosia.<br \/>\nMaahantuontia tilauksesta.<\/p>\n<h3>Erkka Suominen<\/h3>\n<p>Erkka Suominen<br \/>\nEura<br \/>\n+358400526307<\/p>\n<p>K\u00e4ytettyj\u00e4 it\u00e4py\u00f6ri\u00e4 ja satunnaisia varaosia.<\/p>\n<h3>Wauhtikone<\/h3>\n<p>Wauhtikone<br \/>\nGsm. 0400-739 212<br \/>\nwww.wauhtikone.fi<br \/>\nwauhtikone@wauhtikone.fi<\/p>\n<p>Yrityksemme on erikoistunut vanhojen moottoripy\u00f6rien entis\u00f6intiin sek\u00e4 osatoimituksiin. Hallistamme l\u00f6ytyy my\u00f6s uusia moottoripy\u00f6ri\u00e4 sek\u00e4 huolto-osasto.<\/p>\n<p>UralRoikan j\u00e4senille 10% alennus.<\/p>\n<h3>Vuorenmaa yhti\u00f6t Oy<\/h3>\n<p>Vuorenmaa yhti\u00f6t Oy<br \/>\nLapua<br \/>\nPuhelin 020 710 1600<br \/>\nFaksi 020 710 1601<br \/>\nwww.vuorenmaayhtiot.fi<br \/>\nlapua@vuorenmaa.fi<\/p>\n<p>Laakerit, tiivisteet, ty\u00f6kalut<\/p>\n<p>Laakereista ja tiivisteist\u00e4 10% alennus UralRoikan j\u00e4senille<\/p>\n<h3>Ari Syynimaa<\/h3>\n<p>Ari Syynimaa<br \/>\nVoltti<br \/>\n+358440726161<br \/>\nari(\u00e4t)hprint.fi<\/p>\n<p>Mittaritaulut, tarrat, varaosakirjat ja korjausoppaat CD levyill\u00e4.<\/p>\n<h3>Jyrki Kuisma<\/h3>\n<p>Jyrki Kuisma<br \/>\nJyv\u00e4skyl\u00e4<br \/>\n+35814668128<\/p>\n<p>Blungerper\u00e4n puslia yms.<\/p>\n<h3>Symotic Oy<\/h3>\n<p>Symotic Oy<br \/>\nKoivistontie 4<br \/>\n21140 Rym\u00e4ttyl\u00e4<br \/>\nPuh 02-252 1862<br \/>\nFax 02 2521560<br \/>\nsales(\u00e4t)symotic.com<br \/>\n<a href=\"http:\/\/www.symotic.com\/\" target=\"_blank\" rel=\"noopener\">http:\/\/www.symotic.com\/<\/a><\/p>\n<p>Entis\u00f6inti pinnat ja nippelit mopoihin ja moottoripy\u00f6riin.<\/p>\n<h3>Kitkaliimaus Oy<\/h3>\n<p>Kitkaliimaus Oy<br \/>\nKelatie 20<br \/>\n01450 VANTAA<br \/>\nPuh 010 4407700<br \/>\nasiakaspalvelu@kitkaliimaus.fi<\/p>\n<p>Jarruhihnat, kytkinpinnat.<\/p>\n<h3>Suomen tehosiirto Oy<\/h3>\n<p>Suomen tehosiirto Oy<br \/>\nYL\u00d6J\u00c4RVI<br \/>\n+35833473000<\/p>\n<p>Laakerit, tiivisteet.<\/p>\n<h3>Pekka Varis<\/h3>\n<p>Pekka Varis<br \/>\nJYV\u00c4SKYL\u00c4<br \/>\n+358505990846<\/p>\n<p>Pakok\u00e4yri\u00e4 ja vaimentimia. Ural, Koo, Jawa, IC 49 + pyrst\u00f6t<\/p>\n<h2>Koneistamot ja korjaamot<\/h2>\n<h3>Sein\u00e4joen moottorihiomo<\/h3>\n<p>Sein\u00e4joen moottorihiomo<br \/>\n+35864149511<br \/>\n<a href=\"http:\/\/www.moottorihiomo.fi\/\" target=\"_blank\" rel=\"noopener\">http:\/\/www.moottorihiomo.fi\/<\/a><\/p>\n<p>Erikoistunut Roikan vehkeiden kampuroihin ja muihin osiin<\/p>\n<h3>Maalaus Hautakoski Oy<\/h3>\n<p>Einontie 1 B<br \/>\n69600 Kaustinen<br \/>\n+358500 865 755<br \/>\njanne(\u00e4t)hautakoski.fi<br \/>\n<a href=\"http:\/\/www.hautakoski.fi\/\" target=\"_blank\" rel=\"noopener\">http:\/\/www.hautakoski.fi\/<\/a><\/p>\n<p>Teemme jauhemaalausta sek\u00e4 kromimaalausta ruiskuttamalla l\u00e4hes kaikille maalattaville pinnoille: metallit, muovit, lasi, kivi, puu, lasikuitu jne.<\/p>\n","protected":false},"excerpt":{"rendered":"<p>Palvelua, osia, kokonaisia py\u00f6ri\u00e4 Lista p\u00e4ivitetty 18.8.2018. Listaa korjataan pyydett\u00e4ess\u00e4. L\u00e4het\u00e4 korjauehdotuksesi osoitteeseen nettiasiat(\u00e4t)uralroikka.fi Varaosia voit etsi\u00e4 my\u00f6s Ural Roikka keskustelualueen Punaiselta torilta Ural Finland \/ Suomen Sivuvaunu Oy Suomen Sivuvaunu Oy Kaustintie 5 69600 KAUSTINEN sasu@ural.fi +358407025636 http:\/\/www.ural.fi Uralin virallinen maahantuoja suomessa. Uusia Ural moottoripy\u00f6ri\u00e4. Temmes Acordian Oy Mikko Oikrainen Muhos puh 0400 289 [&hellip;]<\/p>\n","protected":false},"author":9,"featured_media":0,"parent":97,"menu_order":6,"comment_status":"closed","ping_status":"closed","template":"","meta":{"footnotes":""},"class_list":["post-389","page","type-page","status-publish","hentry"],"_links":{"self":[{"href":"https:\/\/uralroikka.fi\/sivut\/index.php?rest_route=\/wp\/v2\/pages\/389","targetHints":{"allow":["GET"]}}],"collection":[{"href":"https:\/\/uralroikka.fi\/sivut\/index.php?rest_route=\/wp\/v2\/pages"}],"about":[{"href":"https:\/\/uralroikka.fi\/sivut\/index.php?rest_route=\/wp\/v2\/types\/page"}],"author":[{"embeddable":true,"href":"https:\/\/uralroikka.fi\/sivut\/index.php?rest_route=\/wp\/v2\/users\/9"}],"replies":[{"embeddable":true,"href":"https:\/\/uralroikka.fi\/sivut\/index.php?rest_route=%2Fwp%2Fv2%2Fcomments&post=389"}],"version-history":[{"count":37,"href":"https:\/\/uralroikka.fi\/sivut\/index.php?rest_route=\/wp\/v2\/pages\/389\/revisions"}],"predecessor-version":[{"id":3293,"href":"https:\/\/uralroikka.fi\/sivut\/index.php?rest_route=\/wp\/v2\/pages\/389\/revisions\/3293"}],"up":[{"embeddable":true,"href":"https:\/\/uralroikka.fi\/sivut\/index.php?rest_route=\/wp\/v2\/pages\/97"}],"wp:attachment":[{"href":"https:\/\/uralroikka.fi\/sivut\/index.php?rest_route=%2Fwp%2Fv2%2Fmedia&parent=389"}],"curies":[{"name":"wp","href":"https:\/\/api.w.org\/{rel}","templated":true}]}}