{"id":4,"date":"2013-01-18T16:53:13","date_gmt":"2013-01-18T16:53:13","guid":{"rendered":"http:\/\/uralroikka.fi\/sivut\/?page_id=4"},"modified":"2016-05-26T22:31:37","modified_gmt":"2016-05-26T20:31:37","slug":"ural-roikka-mc-ural-roikka","status":"publish","type":"page","link":"https:\/\/uralroikka.fi\/sivut\/?page_id=4","title":{"rendered":"Ural Roikka ry"},"content":{"rendered":"<h2>URAL ROIKKA RY S\u00c4\u00c4NN\u00d6T<\/h2>\n<h3>NIMI, KOTIPAIKKA JA TARKOITUS<a href=\"http:\/\/uralroikka.fi\/sivut\/wp-content\/uploads\/2015\/11\/uralroikkalogo.png\" rel=\"attachment wp-att-2522\"><img loading=\"lazy\" decoding=\"async\" class=\"alignright size-full wp-image-2522\" src=\"http:\/\/uralroikka.fi\/sivut\/wp-content\/uploads\/2015\/11\/uralroikkalogo.png\" alt=\"uralroikkalogo\" width=\"184\" height=\"161\" \/><\/a><\/h3>\n<p>1 \u00a7 Yhdistyksen nimi on URAL ROIKKA ja sen kotipaikka on SAARIJ\u00c4RVI. Yhdistyst\u00e4 nimitet\u00e4\u00e4n n\u00e4iss\u00e4 s\u00e4\u00e4nn\u00f6iss\u00e4 kerhoksi. Kerhon virallinen kieli on suomi.<\/p>\n<p>2 \u00a7 Kerhon tarkoituksena on toimia yhteyskanavana neuvostoliittolaisten, kiinalaisten ja ven\u00e4l\u00e4isten boxermoottoripy\u00f6rien harrastajien kesken ja yll\u00e4pit\u00e4\u00e4 j\u00e4seniss\u00e4\u00e4n innostusta erityisesti varaosien saannin ja py\u00f6rien toimivuuden parantamiseksi, sek\u00e4 j\u00e4rjest\u00e4\u00e4 joka vuosi ns. Ural kokoontumisajo.<\/p>\n<p>3 \u00a7 Tarkoitusta toteutetaan:<\/p>\n<ol>\n<li>\n<ul>\n<li>J\u00e4rjest\u00e4m\u00e4ll\u00e4 kokouksia, luentoja ja koulutustilaisuuksia<\/li>\n<li>Harjoittamalla valistustoimintaa ja j\u00e4rjest\u00e4m\u00e4ll\u00e4 kerhoiltoja, tiedotus, juhla yms. tilaisuuksia<\/li>\n<li>Harjoittamalla tarkoitusperiens\u00e4 mukaista nuorisotoimintaa<\/li>\n<li>Julkaisemalla j\u00e4senilleen kerhon 1 \u2013 4 kertaa vuodessa ilmestyv\u00e4\u00e4 Ural Roikka-lehte\u00e4, sek\u00e4 pit\u00e4m\u00e4\u00e4n yll\u00e4 kalusto &#8211; ja j\u00e4senluetteloa yhteydenpitotietoineen.<\/li>\n<li>Hankkimalla kerholle toimintavaroja talkoilla, ajotempauksilla sek\u00e4 merkki, paita yms. kerhotavaramyynnill\u00e4.<\/li>\n<\/ul>\n<\/li>\n<li>\n<ul>\n<li>Kiinnitt\u00e4m\u00e4ll\u00e4 ehdotusten, anomusten ja aloitteiden kautta viranomaisten ja muiden yhteis\u00f6jen huomioita toiminta-alueellaan, sek\u00e4 pyrkim\u00e4ll\u00e4 opastamaan j\u00e4senist\u00f6\u00e4\u00e4n turvalliseen liikenn\u00f6intiin.<\/li>\n<\/ul>\n<\/li>\n<li>\n<ul>\n<li>Kerho voi omistaa ja hallita toimintaansa varten tarpeellista irtainta ja kiinte\u00e4\u00e4 omaisuutta sek\u00e4 harjoittaa kioskikauppaa ja ravintolaliikett\u00e4:<br \/>\nKerho ei puutu uskonnollisiin eik\u00e4 valtiollisiin kysymyksiin.<\/li>\n<\/ul>\n<\/li>\n<\/ol>\n<p>&nbsp;<\/p>\n<h3>KERHOON LIITTYMINEN, SIIT\u00c4 EROAMINEN JA EROTTAMINEN<\/h3>\n<p>4 \u00a7 Kerhon j\u00e4seni\u00e4 ovat vuosij\u00e4senet sek\u00e4 \u00e4\u00e4nioikeudettomat kunnia ja kannatusj\u00e4senet. Kannatusj\u00e4seneksi voi hallitus hyv\u00e4ksy\u00e4 henkil\u00f6n, joka ei toimi moottoripy\u00f6r\u00e4harrastuksen parissa, mutta joka kuitenkin haluaa tukea kerhon toimintaa ja joka maksaa kannatusj\u00e4senmaksun.<\/p>\n<p>5 \u00a7 Kerhon vuosij\u00e4seneksi voi p\u00e4\u00e4st\u00e4 jokainen hyv\u00e4maineinen henkil\u00f6, joka sitoutuu noudattamaan kerhon s\u00e4\u00e4nt\u00f6j\u00e4 ja p\u00e4\u00e4t\u00f6ksi\u00e4 ja joka maksaa liittymis &#8211; ja vuosimaksun er\u00e4p\u00e4iv\u00e4\u00e4n menness\u00e4.<\/p>\n<p>6 \u00a7 Vuosimaksun maksaminen on kerholehden saannin sek\u00e4 kalustoluetteloon kirjaamisen ehtona.<\/p>\n<p>7 \u00a7 Kunniapuheenjohtajaksi ja j\u00e4seneksi voidaan hallituksen ehdotuksesta kutsua kerhoon kuuluvia ja ulkopuolisia henkil\u00f6it\u00e4, jotka ovat toimineet erityisen ansiokkaasti kerhon tarkoitusperien toteuttamiseksi. Kunniapuheenjohtajan ja j\u00e4senen arvo on elinik\u00e4inen, eik\u00e4 heill\u00e4 ole vuosimaksuvelvoitetta.<\/p>\n<p>8 \u00a7 J\u00e4senen on ilmoitettava erostaan kirjallisesti hallitukselle tai sen puheenjohtajalle, tai ilmoitettava erostaan kerhon kokouksessa p\u00f6yt\u00e4kirjaan merkitt\u00e4v\u00e4ksi. Eroava j\u00e4sen on vapaa j\u00e4senyydest\u00e4\u00e4n seuraavan kalenterivuoden alusta.<\/p>\n<p>9 \u00a7 Ellei vuosij\u00e4sen ennen tammikuun 31. p\u00e4iv\u00e4\u00e4 ole maksanut vuosikokouksen m\u00e4\u00e4r\u00e4\u00e4m\u00e4\u00e4 vuosimaksua tai, jos h\u00e4n on toiminut kerhon s\u00e4\u00e4nt\u00f6j\u00e4 vastaan tavalla, joka saattaa vahingoittaa kerhon mainetta, voi hallitus erottaa j\u00e4senen kerhosta.<br \/>\nErotetulla on oikeus vetoomukseen, seuraavassa kerhon kokouksessa, jossa h\u00e4nell\u00e4 on oikeus olla l\u00e4sn\u00e4. Vetoomus on teht\u00e4v\u00e4 kirjallisesti hallitukselle 30 vuorokauden kuluessa siit\u00e4 kun erotettu sai tiedon erottamisesta. Erotetulla ei ole oikeutta vaatia takaisin kerholle suoritettuja maksuja.<\/p>\n<h3>KERHON HALLINTO<\/h3>\n<p>10 \u00a7 Kerhon toimintaa johtaa ja sen taloudenhoidosta ja omaisuudesta huolehtii vuosikokouksen valitsema hallitus, joka on my\u00f6s kerhon laillinen edustaja. Hallituksen j\u00e4senten toimikausi on kalenterivuosi. Hallitukseen kuuluu vuosittain valittava puheenjohtaja ja viisi ( 5 ) muuta j\u00e4sent\u00e4. Hallitus valitsee keskuudestaan varapuheenjohtajan, sihteerin ja rahastonhoitajan. Hallitus kokoontuu puheenjohtajan, tai h\u00e4nen ollessa estyneen\u00e4 varapuheenjohtajan, kutsusta ja on p\u00e4\u00e4t\u00f6svaltainen v\u00e4hint\u00e4\u00e4n kolmen (3) j\u00e4senen ollessa l\u00e4sn\u00e4. Hallituksen kokouksissa p\u00e4\u00e4tet\u00e4\u00e4n kaikki asiat yksinkertaisella \u00e4\u00e4nten enemmist\u00f6ll\u00e4. \u00c4\u00e4nten menness\u00e4 tasan, ratkaisee puheenjohtajan \u00e4\u00e4ni. Jos yksikin hallituksen j\u00e4sen sit\u00e4 vaatii, on \u00e4\u00e4nestys toimitettava suljetuin lipuin. Jos \u00e4\u00e4net menev\u00e4t t\u00e4ll\u00f6in tasan, ratkaisee arpa.<br \/>\nHallituksen teht\u00e4v\u00e4n\u00e4 on:<\/p>\n<ol>\n<li>Johtaa kerhon toimintaa sen tarkoitusperien toteuttamiseksi;<\/li>\n<li>Hyv\u00e4ksy\u00e4 uudet j\u00e4senet ja erottaa j\u00e4sen huomioiden n\u00e4iden s\u00e4\u00e4nt\u00f6jen 9 \u00a7:n m\u00e4\u00e4r\u00e4ykset sek\u00e4 pit\u00e4\u00e4 j\u00e4sen luetteloa;<\/li>\n<li>Hoitaa kerhon asioita jaostojen ja palkattujen toimihenkil\u00f6iden avulla, jotka viimeksi mainitut hallitus ottaa ja erottaa ja joiden palkkauksesta se tekee sopimukset:<\/li>\n<li>Vastata kerhon omaisuuden &#8211; ja taloudenpidosta;<\/li>\n<li>Valvoa ja tarkastaa kirjanpito:<\/li>\n<li>Vahvistaa vuosikokouksessa esille otettavat asiat;<\/li>\n<li>Laatia vuosikokoukselle kerhon toimintakertomus edelliselt\u00e4 vuodelta;<\/li>\n<li>Toimeenpanna kerhon vuosi -ja ylim\u00e4\u00e4r\u00e4isten kokousten p\u00e4\u00e4t\u00f6kset;<\/li>\n<li>M\u00e4\u00e4r\u00e4t\u00e4 ja kuuluuttaa kerhon kokousten aika ja paikka;<\/li>\n<li>J\u00e4rjest\u00e4\u00e4 kilpailuja ja vahvistaa kilpailujen s\u00e4\u00e4nn\u00f6t;<\/li>\n<li>Laatia toimintasuunnitelma ja talousarvio seuraavaa vuotta varten ja esitt\u00e4\u00e4 ne vuosikokouksen hyv\u00e4ksytt\u00e4v\u00e4ksi.<\/li>\n<\/ol>\n<p>&nbsp;<br \/>\n11 \u00a7 Kerhon toiminnalle tarpeelliset, hallituksen apuna toimivat jaostot ja toimikunnat valitaan kerhon vuosikokouksessa yhdeksi vuodeksi kerrallaan. Vuosikokouksen valitsemat jaostot kokoontuvat puheenjohtajan kutsusta k\u00e4sittelem\u00e4\u00e4n hallituksen niille valmisteltavaksi tai suoritettavaksi antamia asioita tai teht\u00e4vi\u00e4. Tai ne voivat kokoontua omasta aloitteestaan tekem\u00e4\u00e4n hallitukselle (tekem\u00e4\u00e4n) esityksi\u00e4 niille kuuluvilta kerhon toiminta-aloilta. Jos hallitus ei ole edustettuna jossakin jaostossa, on hallituksella oikeus valita jaostoon yksi j\u00e4senist\u00e4\u00e4n.<\/p>\n<p>12 \u00a7 Kerhon nimen kirjoittavat joko puheenjohtaja ja varapuheenjohtaja yhdess\u00e4 tai jompi kumpi jonkun hallituksen valitseman henkil\u00f6n kanssa.<\/p>\n<h3>VUOSIKOKOUS JA YLIM\u00c4\u00c4R\u00c4ISET KOKOUKSET<\/h3>\n<p>13 \u00a7 Vuosikokous pidet\u00e4\u00e4n lokakuun loppuun menness\u00e4. Paikan ja ajan m\u00e4\u00e4r\u00e4\u00e4 tarkemmin hallitus. Kirjallinen kutsu vuosikokoukseen on toimitettava viimeist\u00e4\u00e4n kolmekymment\u00e4 (30) p\u00e4iv\u00e4\u00e4 ennen kokousta ja julkaistava kerhon Ural Roikka. -nimisess\u00e4 lehdess\u00e4. Kutsussa on mainittava kokouksessa esille tulevat asiat. Vuosikokous valitsee yksinkertaisella \u00e4\u00e4nten enemmist\u00f6ll\u00e4 kokoukselle puheenjohtajan. Sihteerin\u00e4 toimii hallituksen sihteeri.<\/p>\n<p>14 \u00a7 Vuosikokouksessa k\u00e4sitell\u00e4\u00e4n seuraavat asiat;<\/p>\n<ol>\n<li>Kokouksen avaus;<\/li>\n<li>Valitaan kokoukselle puheenjohtaja, kaksi p\u00f6yt\u00e4kirjantarkastajaa ja kaksi \u00e4\u00e4ntenlaskijaa;<\/li>\n<li>Todetaan kokouksen laillisuus ja p\u00e4\u00e4t\u00f6svaltaisuus;<\/li>\n<li>Esitet\u00e4\u00e4n hallituksen laatima toimintakertomus ja toiminnantarkastajien lausunto sek\u00e4 vahvistetaan tilinp\u00e4\u00e4t\u00f6s;<\/li>\n<li>P\u00e4\u00e4tet\u00e4\u00e4n vastuuvapauden my\u00f6nt\u00e4misest\u00e4 hallitukselle ja muille tilivelvollisille edelliselt\u00e4 toimintakaudelta;<\/li>\n<li>Valitaan hallituksen puheenjohtaja ja muut viisi ( 5 )j\u00e4sent\u00e4;<\/li>\n<li>Valitaan kaksi (2) toiminnantarkastajaa ja heid\u00e4n varamiehens\u00e4;<\/li>\n<li>Valitaan tarpeelliset jaostot;<\/li>\n<li>Esitet\u00e4\u00e4n hallituksen laatima tulo &#8211; ja menoarvio toiminnasta sek\u00e4 toimintaan varattavista m\u00e4\u00e4r\u00e4rahoista;<\/li>\n<li>M\u00e4\u00e4r\u00e4t\u00e4\u00e4n kannatusj\u00e4senmaksun sek\u00e4 liittymis &#8211; ja vuosimaksun suuruus;<\/li>\n<li>M\u00e4\u00e4r\u00e4t\u00e4\u00e4n Ural Roikka &#8211; lehden ilmoitushinnat ulkopuolisille ( ei j\u00e4sen) ilmoittajille;<\/li>\n<li>K\u00e4sitell\u00e4\u00e4n muut hallituksen ja kerhon j\u00e4senten esitt\u00e4m\u00e4t asiat;<\/li>\n<li>Kokouksen p\u00e4\u00e4tt\u00e4minen.<\/li>\n<\/ol>\n<p>&nbsp;<br \/>\n15 \u00a7 Ylim\u00e4\u00e4r\u00e4inen kokous pidet\u00e4\u00e4n silloin, kun hallitus katsoo sen tarpeelliseksi, tai kun v\u00e4hint\u00e4\u00e4n kymmenesosa (1\/10) \u00e4\u00e4nioikeutetuista j\u00e4senist\u00e4 on tehnyt siit\u00e4 kirjallisen perustellun esityksen hallitukselle. Ylim\u00e4\u00e4r\u00e4isen kokouksen kutsussa tulee mainita ne asiat, jotka kokouksessa otetaan k\u00e4sitelt\u00e4v\u00e4ksi. Kokouksesta ilmoitetaan kerholehdess\u00e4 yksi (1) kuukausi ennen kokousta. Puhetta johtaa ylim\u00e4\u00e4r\u00e4isess\u00e4 kokouksessa hallituksen puheenjohtaja.<\/p>\n<p>16 \u00a7 Kerhon, hallituksen ja jaostojen kokouksista on pidett\u00e4v\u00e4 p\u00f6yt\u00e4kirjaa. Kerhon kokousten p\u00f6yt\u00e4kirjat on kokouksen puheenjohtajan allekirjoitettava ja valittujen p\u00f6yt\u00e4kirjantarkastajien tarkastettava mahdollisimman pian. Hallituksen ja jaostojen p\u00f6yt\u00e4kirjat tarkistetaan joko heti tai seuraavassa kokouksessa.<\/p>\n<p>17 \u00a7 \u00c4\u00e4nestyksess\u00e4 ratkaisee yksinkertainen \u00e4\u00e4nten enemmist\u00f6, ellei n\u00e4iss\u00e4 s\u00e4\u00e4nn\u00f6iss\u00e4 ole toisin m\u00e4\u00e4r\u00e4tty. \u00c4\u00e4nten menness\u00e4 tasan ratkaisee puheenjohtajan \u00e4\u00e4ni paitsi vaaleissa arpa. Kerhon kaikissa kokouksissa tapahtuu vaadittaessa \u00e4\u00e4nestys suljetuin lipuin. Jokaisella vuosi j\u00e4senell\u00e4 on yksi \u00e4\u00e4ni. Kunnia &#8211; ja kannatusj\u00e4senill\u00e4 sek\u00e4 kunniapuheenjohtajalla on kerhon kokouksissa puheoikeus.<\/p>\n<p>18 \u00a7 Hallituksen ja jaostojen vaaleissa ovat entisten j\u00e4senten ohella vaalikelpoisia ne ehdokkaat, jotka n\u00e4iden s\u00e4\u00e4nt\u00f6jen mukaan ovat \u00e4\u00e4nioikeutettuja.<\/p>\n<h3>KERHON TALOUS<\/h3>\n<p>19 \u00a7 Kerhon tilivuosi on tammikuun 1. p\u00e4iv\u00e4st\u00e4 joulukuun 31. p\u00e4iv\u00e4\u00e4n. Tilit on hallituksen toimesta p\u00e4\u00e4tett\u00e4v\u00e4 ja j\u00e4tett\u00e4v\u00e4 tilintarkastajien tarkastettavaksi viimeist\u00e4\u00e4n28. p\u00e4iv\u00e4n\u00e4 helmikuuta. Ja tulee toiminnantarkastajien palauttaa ne lausuntoineen hallitukselle viimeist\u00e4\u00e4n maaliskuun 31. p\u00e4iv\u00e4n\u00e4.<\/p>\n<h3>ERIN\u00c4ISI\u00c4 M\u00c4\u00c4R\u00c4YKSI\u00c4<\/h3>\n<p>20 \u00a7 P\u00e4\u00e4t\u00f6s kerhon purkamisesta voidaan tehd\u00e4 ainoastaan vuosikokouksessa ja vaaditaan t\u00e4ll\u00f6in, ett\u00e4 v\u00e4hint\u00e4\u00e4n kaksikolmannesta (2\/3) annetuista \u00e4\u00e4nist\u00e4 puoltaa p\u00e4\u00e4t\u00f6st\u00e4. Jos kerho purkautuu tai lakkautetaan, siirtyyv\u00e4t sen j\u00e4ljelle j\u00e4\u00e4neet varat Veteraanimoottoripy\u00f6r\u00e4klubi ry:lle, tai jollekin vanhojen moottoripy\u00f6rien harrastustoimintaa edist\u00e4v\u00e4lle ja vaalivalle rekister\u00f6idylle yhdistykselle.<\/p>\n<p>21 \u00a7 Kerhon s\u00e4\u00e4nt\u00f6jen muuttamiseen vaaditaan yhdenmukainen p\u00e4\u00e4t\u00f6s kahdessa per\u00e4kk\u00e4isess\u00e4, v\u00e4hint\u00e4\u00e4n kahden viikon v\u00e4lein pidetyss\u00e4 kokouksessa kolmen nelj\u00e4nneksen (3\/4) enemmist\u00f6ll\u00e4 annetuista \u00e4\u00e4nist\u00e4. Tai yhdess\u00e4 kokouksessa yhdeks\u00e4n kymmenesosan (9\/10) enemmist\u00f6ll\u00e4 annetuista \u00e4\u00e4nist\u00e4 tehty p\u00e4\u00e4t\u00f6s.<\/p>\n<p>22 \u00a7 Muissa kohdin menetell\u00e4\u00e4n kuten yhdistyslaki m\u00e4\u00e4r\u00e4\u00e4.<\/p>\n","protected":false},"excerpt":{"rendered":"<p>URAL ROIKKA RY S\u00c4\u00c4NN\u00d6T NIMI, KOTIPAIKKA JA TARKOITUS 1 \u00a7 Yhdistyksen nimi on URAL ROIKKA ja sen kotipaikka on SAARIJ\u00c4RVI. Yhdistyst\u00e4 nimitet\u00e4\u00e4n n\u00e4iss\u00e4 s\u00e4\u00e4nn\u00f6iss\u00e4 kerhoksi. Kerhon virallinen kieli on suomi. 2 \u00a7 Kerhon tarkoituksena on toimia yhteyskanavana neuvostoliittolaisten, kiinalaisten ja ven\u00e4l\u00e4isten boxermoottoripy\u00f6rien harrastajien kesken ja yll\u00e4pit\u00e4\u00e4 j\u00e4seniss\u00e4\u00e4n innostusta erityisesti varaosien saannin ja py\u00f6rien toimivuuden parantamiseksi, [&hellip;]<\/p>\n","protected":false},"author":9,"featured_media":0,"parent":0,"menu_order":2,"comment_status":"open","ping_status":"open","template":"","meta":{"footnotes":""},"class_list":["post-4","page","type-page","status-publish","hentry"],"_links":{"self":[{"href":"https:\/\/uralroikka.fi\/sivut\/index.php?rest_route=\/wp\/v2\/pages\/4","targetHints":{"allow":["GET"]}}],"collection":[{"href":"https:\/\/uralroikka.fi\/sivut\/index.php?rest_route=\/wp\/v2\/pages"}],"about":[{"href":"https:\/\/uralroikka.fi\/sivut\/index.php?rest_route=\/wp\/v2\/types\/page"}],"author":[{"embeddable":true,"href":"https:\/\/uralroikka.fi\/sivut\/index.php?rest_route=\/wp\/v2\/users\/9"}],"replies":[{"embeddable":true,"href":"https:\/\/uralroikka.fi\/sivut\/index.php?rest_route=%2Fwp%2Fv2%2Fcomments&post=4"}],"version-history":[{"count":29,"href":"https:\/\/uralroikka.fi\/sivut\/index.php?rest_route=\/wp\/v2\/pages\/4\/revisions"}],"predecessor-version":[{"id":2805,"href":"https:\/\/uralroikka.fi\/sivut\/index.php?rest_route=\/wp\/v2\/pages\/4\/revisions\/2805"}],"wp:attachment":[{"href":"https:\/\/uralroikka.fi\/sivut\/index.php?rest_route=%2Fwp%2Fv2%2Fmedia&parent=4"}],"curies":[{"name":"wp","href":"https:\/\/api.w.org\/{rel}","templated":true}]}}