{"id":686,"date":"2011-08-10T19:11:47","date_gmt":"2011-08-10T16:11:47","guid":{"rendered":"http:\/\/uralroikka.fi\/sivut\/?page_id=686"},"modified":"2017-01-26T22:55:49","modified_gmt":"2017-01-26T20:55:49","slug":"roikka-lehden-arkistot","status":"publish","type":"page","link":"https:\/\/uralroikka.fi\/sivut\/?page_id=686","title":{"rendered":"Ural Roikka- lehden arkistot"},"content":{"rendered":"<p>Skannatut vanhat Ural Roikka lehdet ovat n\u00e4ht\u00e4viss\u00e4 Ural Roikka Ry:n j\u00e4senille t\u00e4\u00e4ll\u00e4<\/p>\n<p><a href=\"https:\/\/uralroikka.fi\/pulinat\/viewforum.php?f=35\">Ural- Roikka Ry Lehtihylly<\/a><\/p>\n","protected":false},"excerpt":{"rendered":"<p>Skannatut vanhat Ural Roikka lehdet ovat n\u00e4ht\u00e4viss\u00e4 Ural Roikka Ry:n j\u00e4senille t\u00e4\u00e4ll\u00e4 Ural- Roikka Ry Lehtihylly<\/p>\n","protected":false},"author":9,"featured_media":0,"parent":2108,"menu_order":9,"comment_status":"closed","ping_status":"closed","template":"","meta":{"footnotes":""},"class_list":["post-686","page","type-page","status-publish","hentry"],"_links":{"self":[{"href":"https:\/\/uralroikka.fi\/sivut\/index.php?rest_route=\/wp\/v2\/pages\/686","targetHints":{"allow":["GET"]}}],"collection":[{"href":"https:\/\/uralroikka.fi\/sivut\/index.php?rest_route=\/wp\/v2\/pages"}],"about":[{"href":"https:\/\/uralroikka.fi\/sivut\/index.php?rest_route=\/wp\/v2\/types\/page"}],"author":[{"embeddable":true,"href":"https:\/\/uralroikka.fi\/sivut\/index.php?rest_route=\/wp\/v2\/users\/9"}],"replies":[{"embeddable":true,"href":"https:\/\/uralroikka.fi\/sivut\/index.php?rest_route=%2Fwp%2Fv2%2Fcomments&post=686"}],"version-history":[{"count":5,"href":"https:\/\/uralroikka.fi\/sivut\/index.php?rest_route=\/wp\/v2\/pages\/686\/revisions"}],"predecessor-version":[{"id":2899,"href":"https:\/\/uralroikka.fi\/sivut\/index.php?rest_route=\/wp\/v2\/pages\/686\/revisions\/2899"}],"up":[{"embeddable":true,"href":"https:\/\/uralroikka.fi\/sivut\/index.php?rest_route=\/wp\/v2\/pages\/2108"}],"wp:attachment":[{"href":"https:\/\/uralroikka.fi\/sivut\/index.php?rest_route=%2Fwp%2Fv2%2Fmedia&parent=686"}],"curies":[{"name":"wp","href":"https:\/\/api.w.org\/{rel}","templated":true}]}}