{"id":97,"date":"2010-12-11T15:19:43","date_gmt":"2010-12-11T12:19:43","guid":{"rendered":"http:\/\/uralroikka.fi\/sivut\/?page_id=97"},"modified":"2026-01-15T08:16:36","modified_gmt":"2026-01-15T06:16:36","slug":"yhteystiedot","status":"publish","type":"page","link":"https:\/\/uralroikka.fi\/sivut\/?page_id=97","title":{"rendered":"Yhteystiedot"},"content":{"rendered":"<h2>Ural Roikka Ry<\/h2>\n<p><span style=\"font-size: 20px;\">S\u00e4hk\u00f6postiosoite:<\/span> <span style=\"font-size: 20px; color: red;\">info(\u00e4t)uralroikka.fi<\/span><\/p>\n<h2>Hallitus<\/h2>\n<h3>Puheenjohtaja<\/h3>\n<p>Jouni Salmela<br \/>\n+358442751443<br \/>\npuheenjohtaja(\u00e4t)uralroikka.fi<\/p>\n<h3>Sihteeri<\/h3>\n<p>Sasu Peltokangas<br \/>\n+358407025636<br \/>\nsihteeri(\u00e4t)uralroikka.fi<\/p>\n<h3>Kerhotuotevastaava<\/h3>\n<p>Raine Kokko<br \/>\n+358400401133<br \/>\nkerhotuotteet(\u00e4t)uralroikka.fi<\/p>\n<h3>Hallituksen j\u00e4senet<\/h3>\n<ul>\n<li>Antero Erkkil\u00e4<\/li>\n<li>Kalle Haavisto<\/li>\n<li>Harri Kinnunen<\/li>\n<li>Sasu Peltokangas<\/li>\n<li>Kimmo Vartiainen<\/li>\n<h2>Toimihenkil\u00f6t<\/h2>\n<h3>Ural Roikka lehti<\/h3>\n<p>Sasu Peltokangas<br \/>\n+358407025636<br \/>\nlehti(\u00e4t)uralroikka.fi<\/p>\n<h3>Nettisihteeri<\/h3>\n<p>Lauri Pajala<br \/>\nnettiasiat(\u00e4t)uralroikka.fi<\/p>\n<h2>Aluekerhojen yhteyshenkil\u00f6t<\/h2>\n<h3>Etel\u00e4-Karjala<\/h3>\n<p>Harri Hyv\u00f6nen<br \/>\n+358405278919<\/p>\n<h3>Etel\u00e4-Suomi<\/h3>\n<p>Raine Kokko<br \/>\n+358400401133<\/p>\n<h3>Perestroika Bikers Turku<\/h3>\n<p>Keijo Sipponen<br \/>\n+358505612811<\/p>\n<h3>MC Lakit (Oulun seutu)<\/h3>\n<p>Erkki Keskitalo<br \/>\n+358400525410<\/p>\n<h3>Uralin metsot (Jyv\u00e4skyl\u00e4n seutu)<\/h3>\n<p>Tero Hynynen<br \/>\n+358505705030<\/p>\n<h3>Lahden seutu<\/h3>\n<p>Risto Toivonen<br \/>\n+358502475<\/p>\n<h3>Tampereen seutu<\/h3>\n<p>Anne Uosukainen<br \/>\n+358405386538<\/p>\n<h3>Sein\u00e4joen seutu<\/h3>\n<p>Jorma Hakala<br \/>\n+358 500 666028<\/p>\n<h3>MC Maatuskat<\/h3>\n<p>Vet\u00e4j\u00e4n paikka avoinna<\/p>\n<h3>Joensuun seutu<\/h3>\n<p>Markku Pyk\u00e4l\u00e4inen<br \/>\n+358505736260<\/p>\n","protected":false},"excerpt":{"rendered":"<p>Ural Roikka Ry S\u00e4hk\u00f6postiosoite: info(\u00e4t)uralroikka.fi Hallitus Puheenjohtaja Jouni Salmela +358442751443 puheenjohtaja(\u00e4t)uralroikka.fi Sihteeri Sasu Peltokangas +358407025636 sihteeri(\u00e4t)uralroikka.fi Kerhotuotevastaava Raine Kokko +358400401133 kerhotuotteet(\u00e4t)uralroikka.fi Hallituksen j\u00e4senet Antero Erkkil\u00e4 Kalle Haavisto Harri Kinnunen Sasu Peltokangas Kimmo Vartiainen Toimihenkil\u00f6t Ural Roikka lehti Sasu Peltokangas +358407025636 lehti(\u00e4t)uralroikka.fi Nettisihteeri Lauri Pajala nettiasiat(\u00e4t)uralroikka.fi Aluekerhojen yhteyshenkil\u00f6t Etel\u00e4-Karjala Harri Hyv\u00f6nen +358405278919 Etel\u00e4-Suomi Raine Kokko +358400401133 [&hellip;]<\/p>\n","protected":false},"author":9,"featured_media":0,"parent":0,"menu_order":99,"comment_status":"closed","ping_status":"closed","template":"","meta":{"footnotes":""},"class_list":["post-97","page","type-page","status-publish","hentry"],"_links":{"self":[{"href":"https:\/\/uralroikka.fi\/sivut\/index.php?rest_route=\/wp\/v2\/pages\/97","targetHints":{"allow":["GET"]}}],"collection":[{"href":"https:\/\/uralroikka.fi\/sivut\/index.php?rest_route=\/wp\/v2\/pages"}],"about":[{"href":"https:\/\/uralroikka.fi\/sivut\/index.php?rest_route=\/wp\/v2\/types\/page"}],"author":[{"embeddable":true,"href":"https:\/\/uralroikka.fi\/sivut\/index.php?rest_route=\/wp\/v2\/users\/9"}],"replies":[{"embeddable":true,"href":"https:\/\/uralroikka.fi\/sivut\/index.php?rest_route=%2Fwp%2Fv2%2Fcomments&post=97"}],"version-history":[{"count":110,"href":"https:\/\/uralroikka.fi\/sivut\/index.php?rest_route=\/wp\/v2\/pages\/97\/revisions"}],"predecessor-version":[{"id":3513,"href":"https:\/\/uralroikka.fi\/sivut\/index.php?rest_route=\/wp\/v2\/pages\/97\/revisions\/3513"}],"wp:attachment":[{"href":"https:\/\/uralroikka.fi\/sivut\/index.php?rest_route=%2Fwp%2Fv2%2Fmedia&parent=97"}],"curies":[{"name":"wp","href":"https:\/\/api.w.org\/{rel}","templated":true}]}}