{"id":3241,"date":"2023-01-25T15:52:19","date_gmt":"2023-01-25T13:52:19","guid":{"rendered":"https:\/\/uralroikka.fi\/sivut\/?post_type=product&#038;p=3241"},"modified":"2024-11-03T19:08:40","modified_gmt":"2024-11-03T17:08:40","slug":"laadukas-vetoketjullinen-huppari","status":"publish","type":"product","link":"https:\/\/uralroikka.fi\/sivut\/?product=laadukas-vetoketjullinen-huppari","title":{"rendered":"Laadukas vetoketjullinen huppari"},"content":{"rendered":"<p>Laadukas vetoketjullinen huppari. 80% rengaskehr\u00e4tty\u00e4 kampapuuvillaa, 20% polyesteri\u00e4. Kolmilankakudonta. Paino 280gr\/m\u00b2. Kaksinkertainen huppu kankaanv\u00e4risell\u00e4 ny\u00f6rill\u00e4. P\u00e4\u00e4llystetty metallinen YKK-vetoketju. Vahvistettu niskasauma. Oikeanpuolelssa taskussa ja kauluksessa l\u00e4pivienti kuulokkeiden johdolle.<\/p>\n<p>Edess\u00e4 Ural Roikka painatus noin 10cm, sel\u00e4ss\u00e4 painettu Ural Roikka logo, leveys noin 25cm. Katso tuotekuvat.<\/p>\n<p><strong>T\u00e4m\u00e4 huppari ei ole varastotuote. Jokainen huppari teetet\u00e4\u00e4n tilauksen mukaan. T\u00e4m\u00e4n vuoksi toimituksessa voi olla pidempi viive kuin varastotuotteissa.<\/strong><\/p>\n<p>Kokotaulukko<\/p>\n<table>\n<tbody>\n<tr>\n<td>Koko<\/td>\n<td>Leveys cm*<\/td>\n<td>Pituus cm**<\/td>\n<\/tr>\n<tr>\n<td>XS<\/td>\n<td>51<\/td>\n<td>64<\/td>\n<\/tr>\n<tr>\n<td>S<\/td>\n<td>54<\/td>\n<td>66,5<\/td>\n<\/tr>\n<tr>\n<td>M<\/td>\n<td>57<\/td>\n<td>69<\/td>\n<\/tr>\n<tr>\n<td>L<\/td>\n<td>60<\/td>\n<td>71,5<\/td>\n<\/tr>\n<tr>\n<td>XL<\/td>\n<td>63<\/td>\n<td>74<\/td>\n<\/tr>\n<tr>\n<td>XXL<\/td>\n<td>66<\/td>\n<td>76,5<\/td>\n<\/tr>\n<tr>\n<td>3XL<\/td>\n<td>69<\/td>\n<td>79<\/td>\n<\/tr>\n<tr>\n<td>4XL<\/td>\n<td>72<\/td>\n<td>83,5<\/td>\n<\/tr>\n<tr>\n<td>Tol+\/-<\/td>\n<td>2<\/td>\n<td>2<\/td>\n<\/tr>\n<\/tbody>\n<\/table>\n<p>* Tuotteen reunasta reunaan hihojen alapuolelta<\/p>\n<p>** Olkap\u00e4\u00e4n korkeimmasta kohdasta tuotteen alareunaan<\/p>\n","protected":false},"excerpt":{"rendered":"<p>Laadukas vetoketjullinen huppari. 80% rengaskehr\u00e4tty\u00e4 kampapuuvillaa, 20% polyesteri\u00e4. Kolmilankakudonta. Paino 280gr\/m\u00b2. Kaksinkertainen huppu kankaanv\u00e4risell\u00e4 ny\u00f6rill\u00e4. P\u00e4\u00e4llystetty metallinen YKK-vetoketju. Vahvistettu niskasauma. Oikeanpuolelssa taskussa ja kauluksessa l\u00e4pivienti kuulokkeiden johdolle. Edess\u00e4 Ural Roikka painatus noin 10cm, sel\u00e4ss\u00e4 painettu Ural Roikka logo, leveys noin 25cm. Katso tuotekuvat. T\u00e4m\u00e4 huppari ei ole varastotuote. Jokainen huppari teetet\u00e4\u00e4n tilauksen mukaan. T\u00e4m\u00e4n vuoksi [&hellip;]<\/p>\n","protected":false},"featured_media":3474,"template":"","meta":[],"product_brand":[],"product_cat":[98],"product_tag":[],"class_list":{"0":"post-3241","1":"product","2":"type-product","3":"status-publish","4":"has-post-thumbnail","6":"product_cat-hupparit","8":"first","9":"onbackorder","10":"sold-individually","11":"shipping-taxable","12":"purchasable","13":"product-type-variable"},"_links":{"self":[{"href":"https:\/\/uralroikka.fi\/sivut\/index.php?rest_route=\/wp\/v2\/product\/3241","targetHints":{"allow":["GET"]}}],"collection":[{"href":"https:\/\/uralroikka.fi\/sivut\/index.php?rest_route=\/wp\/v2\/product"}],"about":[{"href":"https:\/\/uralroikka.fi\/sivut\/index.php?rest_route=\/wp\/v2\/types\/product"}],"wp:featuredmedia":[{"embeddable":true,"href":"https:\/\/uralroikka.fi\/sivut\/index.php?rest_route=\/wp\/v2\/media\/3474"}],"wp:attachment":[{"href":"https:\/\/uralroikka.fi\/sivut\/index.php?rest_route=%2Fwp%2Fv2%2Fmedia&parent=3241"}],"wp:term":[{"taxonomy":"product_brand","embeddable":true,"href":"https:\/\/uralroikka.fi\/sivut\/index.php?rest_route=%2Fwp%2Fv2%2Fproduct_brand&post=3241"},{"taxonomy":"product_cat","embeddable":true,"href":"https:\/\/uralroikka.fi\/sivut\/index.php?rest_route=%2Fwp%2Fv2%2Fproduct_cat&post=3241"},{"taxonomy":"product_tag","embeddable":true,"href":"https:\/\/uralroikka.fi\/sivut\/index.php?rest_route=%2Fwp%2Fv2%2Fproduct_tag&post=3241"}],"curies":[{"name":"wp","href":"https:\/\/api.w.org\/{rel}","templated":true}]}}