{"id":3245,"date":"2023-01-25T16:01:32","date_gmt":"2023-01-25T14:01:32","guid":{"rendered":"https:\/\/uralroikka.fi\/sivut\/?post_type=product&#038;p=3245"},"modified":"2023-05-02T21:12:30","modified_gmt":"2023-05-02T19:12:30","slug":"vanhaa-varastoa-mc-tarra-keskikoko-75cm","status":"publish","type":"product","link":"https:\/\/uralroikka.fi\/sivut\/?product=vanhaa-varastoa-mc-tarra-keskikoko-75cm","title":{"rendered":"MC-tarra keskikoko 7cm"},"content":{"rendered":"","protected":false},"excerpt":{"rendered":"<p>S\u00e4\u00e4nkest\u00e4v\u00e4 tarra. Vanhaa varastoa. Koko 7 tai 7,5cm katsojan silm\u00e4ntarkkuudesta riippuen.<\/p>\n","protected":false},"featured_media":3067,"template":"","meta":[],"product_brand":[],"product_cat":[104],"product_tag":[],"class_list":{"0":"post-3245","1":"product","2":"type-product","3":"status-publish","4":"has-post-thumbnail","6":"product_cat-tarrat","8":"first","9":"instock","10":"shipping-taxable","11":"purchasable","12":"product-type-simple"},"_links":{"self":[{"href":"https:\/\/uralroikka.fi\/sivut\/index.php?rest_route=\/wp\/v2\/product\/3245","targetHints":{"allow":["GET"]}}],"collection":[{"href":"https:\/\/uralroikka.fi\/sivut\/index.php?rest_route=\/wp\/v2\/product"}],"about":[{"href":"https:\/\/uralroikka.fi\/sivut\/index.php?rest_route=\/wp\/v2\/types\/product"}],"wp:featuredmedia":[{"embeddable":true,"href":"https:\/\/uralroikka.fi\/sivut\/index.php?rest_route=\/wp\/v2\/media\/3067"}],"wp:attachment":[{"href":"https:\/\/uralroikka.fi\/sivut\/index.php?rest_route=%2Fwp%2Fv2%2Fmedia&parent=3245"}],"wp:term":[{"taxonomy":"product_brand","embeddable":true,"href":"https:\/\/uralroikka.fi\/sivut\/index.php?rest_route=%2Fwp%2Fv2%2Fproduct_brand&post=3245"},{"taxonomy":"product_cat","embeddable":true,"href":"https:\/\/uralroikka.fi\/sivut\/index.php?rest_route=%2Fwp%2Fv2%2Fproduct_cat&post=3245"},{"taxonomy":"product_tag","embeddable":true,"href":"https:\/\/uralroikka.fi\/sivut\/index.php?rest_route=%2Fwp%2Fv2%2Fproduct_tag&post=3245"}],"curies":[{"name":"wp","href":"https:\/\/api.w.org\/{rel}","templated":true}]}}