{"id":3248,"date":"2023-01-25T16:17:38","date_gmt":"2023-01-25T14:17:38","guid":{"rendered":"https:\/\/uralroikka.fi\/sivut\/?post_type=product&#038;p=3248"},"modified":"2024-03-01T17:44:42","modified_gmt":"2024-03-01T15:44:42","slug":"vuosilaatta-2019","status":"publish","type":"product","link":"https:\/\/uralroikka.fi\/sivut\/?product=vuosilaatta-2019","title":{"rendered":"Vuosilaatat"},"content":{"rendered":"<p>Vuosilaattoja. Perusmerkki ja siihen lis\u00e4tt\u00e4v\u00e4t vuosittaiset laatat.<\/p>\n<p>Laattojen kiinnitysrenkaat kuuluvat hintoihin.<\/p>\n<p>Vuosilaattojen pituus noin 5cm ja korkeus 2cm.<\/p>\n<p>&nbsp;<\/p>\n","protected":false},"excerpt":{"rendered":"<p>Vuosilaalaatat<\/p>\n","protected":false},"featured_media":3441,"template":"","meta":[],"product_brand":[],"product_cat":[105],"product_tag":[],"class_list":{"0":"post-3248","1":"product","2":"type-product","3":"status-publish","4":"has-post-thumbnail","6":"product_cat-laatat_napit_ja_pinssit","8":"first","9":"instock","10":"shipping-taxable","11":"purchasable","12":"product-type-variable"},"_links":{"self":[{"href":"https:\/\/uralroikka.fi\/sivut\/index.php?rest_route=\/wp\/v2\/product\/3248","targetHints":{"allow":["GET"]}}],"collection":[{"href":"https:\/\/uralroikka.fi\/sivut\/index.php?rest_route=\/wp\/v2\/product"}],"about":[{"href":"https:\/\/uralroikka.fi\/sivut\/index.php?rest_route=\/wp\/v2\/types\/product"}],"wp:featuredmedia":[{"embeddable":true,"href":"https:\/\/uralroikka.fi\/sivut\/index.php?rest_route=\/wp\/v2\/media\/3441"}],"wp:attachment":[{"href":"https:\/\/uralroikka.fi\/sivut\/index.php?rest_route=%2Fwp%2Fv2%2Fmedia&parent=3248"}],"wp:term":[{"taxonomy":"product_brand","embeddable":true,"href":"https:\/\/uralroikka.fi\/sivut\/index.php?rest_route=%2Fwp%2Fv2%2Fproduct_brand&post=3248"},{"taxonomy":"product_cat","embeddable":true,"href":"https:\/\/uralroikka.fi\/sivut\/index.php?rest_route=%2Fwp%2Fv2%2Fproduct_cat&post=3248"},{"taxonomy":"product_tag","embeddable":true,"href":"https:\/\/uralroikka.fi\/sivut\/index.php?rest_route=%2Fwp%2Fv2%2Fproduct_tag&post=3248"}],"curies":[{"name":"wp","href":"https:\/\/api.w.org\/{rel}","templated":true}]}}