{"id":3402,"date":"2023-05-02T21:28:46","date_gmt":"2023-05-02T19:28:46","guid":{"rendered":"https:\/\/uralroikka.fi\/sivut\/?post_type=product&#038;p=3402"},"modified":"2023-07-24T13:28:16","modified_gmt":"2023-07-24T11:28:16","slug":"brodeerattu-merkki-ural-roikka-ryn-jasenvuosista","status":"publish","type":"product","link":"https:\/\/uralroikka.fi\/sivut\/?product=brodeerattu-merkki-ural-roikka-ryn-jasenvuosista","title":{"rendered":"Brodeerattu merkki Ural Roikka Ry:n j\u00e4senvuosista"},"content":{"rendered":"<p>N\u00e4it\u00e4 myyd\u00e4\u00e4n vain Ural Roikka Ry:n j\u00e4senille ja sen mukaan kauanko j\u00e4sen on ollut Ural Roikka Ry:n j\u00e4sen<\/p>\n<ul>\n<li>Meltorauta \u2013 alle 5v j\u00e4senen\u00e4<\/li>\n<li>Mustarauta \u2013 5v j\u00e4senen\u00e4<\/li>\n<li>Kankirauta \u2013 10v j\u00e4senen\u00e4<\/li>\n<li>Valurauta \u2013 15v j\u00e4senen\u00e4<\/li>\n<li>Patarauta \u2013 20v j\u00e4senen\u00e4<\/li>\n<li>Takorauta \u2013 25v j\u00e4senen\u00e4<\/li>\n<\/ul>\n<p>&nbsp;<\/p>\n","protected":false},"excerpt":{"rendered":"<p>Brodeerattu kaarimerkki sen mukaan pitk\u00e4\u00e4nk\u00f6 j\u00e4sen on ollut Ural Roikka Ry:n j\u00e4sen.<\/p>\n","protected":false},"featured_media":3059,"template":"","meta":[],"product_brand":[],"product_cat":[103],"product_tag":[],"class_list":{"0":"post-3402","1":"product","2":"type-product","3":"status-publish","4":"has-post-thumbnail","6":"product_cat-kangasmerkit","8":"first","9":"instock","10":"shipping-taxable","11":"purchasable","12":"product-type-variable"},"_links":{"self":[{"href":"https:\/\/uralroikka.fi\/sivut\/index.php?rest_route=\/wp\/v2\/product\/3402","targetHints":{"allow":["GET"]}}],"collection":[{"href":"https:\/\/uralroikka.fi\/sivut\/index.php?rest_route=\/wp\/v2\/product"}],"about":[{"href":"https:\/\/uralroikka.fi\/sivut\/index.php?rest_route=\/wp\/v2\/types\/product"}],"wp:featuredmedia":[{"embeddable":true,"href":"https:\/\/uralroikka.fi\/sivut\/index.php?rest_route=\/wp\/v2\/media\/3059"}],"wp:attachment":[{"href":"https:\/\/uralroikka.fi\/sivut\/index.php?rest_route=%2Fwp%2Fv2%2Fmedia&parent=3402"}],"wp:term":[{"taxonomy":"product_brand","embeddable":true,"href":"https:\/\/uralroikka.fi\/sivut\/index.php?rest_route=%2Fwp%2Fv2%2Fproduct_brand&post=3402"},{"taxonomy":"product_cat","embeddable":true,"href":"https:\/\/uralroikka.fi\/sivut\/index.php?rest_route=%2Fwp%2Fv2%2Fproduct_cat&post=3402"},{"taxonomy":"product_tag","embeddable":true,"href":"https:\/\/uralroikka.fi\/sivut\/index.php?rest_route=%2Fwp%2Fv2%2Fproduct_tag&post=3402"}],"curies":[{"name":"wp","href":"https:\/\/api.w.org\/{rel}","templated":true}]}}